{"id":2930,"date":"2022-01-14T13:24:58","date_gmt":"2022-01-14T13:24:58","guid":{"rendered":"http:\/\/lp.martinellimarketing.com.br\/?page_id=2930"},"modified":"2022-07-13T12:44:49","modified_gmt":"2022-07-13T12:44:49","slug":"obrigado-ebook-comunidade","status":"publish","type":"page","link":"https:\/\/lp.martinellimarketing.com.br\/?page_id=2930","title":{"rendered":"[OBRIGADO] Ebook Comunidade &#8211; JAN 2022"},"content":{"rendered":"\t\t<div data-elementor-type=\"wp-page\" data-elementor-id=\"2930\" class=\"elementor elementor-2930\" data-elementor-post-type=\"page\">\n\t\t\t\t\t\t<section class=\"elementor-section elementor-top-section elementor-element elementor-element-a1a4fe2 elementor-section-boxed elementor-section-height-default elementor-section-height-default\" data-id=\"a1a4fe2\" data-element_type=\"section\" data-settings=\"{&quot;background_background&quot;:&quot;classic&quot;}\">\n\t\t\t\t\t\t\t<div class=\"elementor-background-overlay\"><\/div>\n\t\t\t\t\t\t\t<div class=\"elementor-container elementor-column-gap-default\">\n\t\t\t\t\t<div class=\"elementor-column elementor-col-100 elementor-top-column elementor-element elementor-element-87bae77\" data-id=\"87bae77\" data-element_type=\"column\">\n\t\t\t<div class=\"elementor-widget-wrap elementor-element-populated\">\n\t\t\t\t\t\t<div class=\"elementor-element elementor-element-df9a524 elementor-view-default elementor-widget elementor-widget-icon\" data-id=\"df9a524\" data-element_type=\"widget\" data-widget_type=\"icon.default\">\n\t\t\t\t<div class=\"elementor-widget-container\">\n\t\t\t\t\t\t\t<div class=\"elementor-icon-wrapper\">\n\t\t\t<div class=\"elementor-icon\">\n\t\t\t<i aria-hidden=\"true\" class=\"fas fa-bullhorn\"><\/i>\t\t\t<\/div>\n\t\t<\/div>\n\t\t\t\t\t\t<\/div>\n\t\t\t\t<\/div>\n\t\t\t\t<div class=\"elementor-element elementor-element-16406bf elementor-widget elementor-widget-heading\" data-id=\"16406bf\" data-element_type=\"widget\" data-widget_type=\"heading.default\">\n\t\t\t\t<div class=\"elementor-widget-container\">\n\t\t\t\t\t<h2 class=\"elementor-heading-title elementor-size-default\">IMPORTANTE<\/h2>\t\t\t\t<\/div>\n\t\t\t\t<\/div>\n\t\t\t\t<div class=\"elementor-element elementor-element-23ab4cd elementor-widget elementor-widget-heading\" data-id=\"23ab4cd\" data-element_type=\"widget\" data-widget_type=\"heading.default\">\n\t\t\t\t<div class=\"elementor-widget-container\">\n\t\t\t\t\t<h2 class=\"elementor-heading-title elementor-size-default\">O Manual j\u00e1 foi enviado para o seu e-mail (verifique tamb\u00e9m na aba outros ou spam). MAS ANTES de acessar, preste aten\u00e7\u00e3o aqui\u2026<\/h2>\t\t\t\t<\/div>\n\t\t\t\t<\/div>\n\t\t\t\t<div class=\"elementor-element elementor-element-31f0a99 elementor-widget elementor-widget-text-editor\" data-id=\"31f0a99\" data-element_type=\"widget\" data-widget_type=\"text-editor.default\">\n\t\t\t\t<div class=\"elementor-widget-container\">\n\t\t\t\t\t\t\t\t\t<p><span style=\"font-weight: 400;\">Voc\u00ea s\u00f3 vai ver essa p\u00e1gina uma vez, ent\u00e3o <\/span><b>assista esse v\u00eddeo com calma<\/b><span style=\"font-weight: 400;\"> porque ele realmente pode te ajudar a mudar os resultados n\u00e3o apenas do seu Instagram, mas do seu neg\u00f3cio.<\/span><\/p><p>\u00a0<\/p>\t\t\t\t\t\t\t\t<\/div>\n\t\t\t\t<\/div>\n\t\t\t\t<div class=\"elementor-element elementor-element-2540350 elementor-widget elementor-widget-video\" data-id=\"2540350\" data-element_type=\"widget\" data-settings=\"{&quot;youtube_url&quot;:&quot;https:\\\/\\\/www.youtube.com\\\/watch?v=5ydKWthIF2w&quot;,&quot;show_image_overlay&quot;:&quot;yes&quot;,&quot;image_overlay&quot;:{&quot;url&quot;:&quot;&quot;,&quot;id&quot;:&quot;&quot;,&quot;size&quot;:&quot;&quot;,&quot;alt&quot;:&quot;&quot;,&quot;source&quot;:&quot;library&quot;},&quot;video_type&quot;:&quot;youtube&quot;,&quot;controls&quot;:&quot;yes&quot;}\" data-widget_type=\"video.default\">\n\t\t\t\t<div class=\"elementor-widget-container\">\n\t\t\t\t\t\t\t<div class=\"elementor-wrapper elementor-open-inline\">\n\t\t\t<div class=\"elementor-video\"><\/div>\t\t<\/div>\n\t\t\t\t\t\t<\/div>\n\t\t\t\t<\/div>\n\t\t\t\t<div class=\"elementor-element elementor-element-87ca8b7 elementor-widget elementor-widget-spacer\" data-id=\"87ca8b7\" data-element_type=\"widget\" data-widget_type=\"spacer.default\">\n\t\t\t\t<div class=\"elementor-widget-container\">\n\t\t\t\t\t\t\t<div class=\"elementor-spacer\">\n\t\t\t<div class=\"elementor-spacer-inner\"><\/div>\n\t\t<\/div>\n\t\t\t\t\t\t<\/div>\n\t\t\t\t<\/div>\n\t\t\t\t<div class=\"elementor-element elementor-element-123cbc6 elementor-widget elementor-widget-heading\" data-id=\"123cbc6\" data-element_type=\"widget\" data-widget_type=\"heading.default\">\n\t\t\t\t<div class=\"elementor-widget-container\">\n\t\t\t\t\t<h2 class=\"elementor-heading-title elementor-size-default\">Me siga nas redes sociais<\/h2>\t\t\t\t<\/div>\n\t\t\t\t<\/div>\n\t\t\t\t<section class=\"elementor-section elementor-inner-section elementor-element elementor-element-702a228 elementor-section-boxed elementor-section-height-default elementor-section-height-default\" data-id=\"702a228\" data-element_type=\"section\">\n\t\t\t\t\t\t<div class=\"elementor-container elementor-column-gap-default\">\n\t\t\t\t\t<div class=\"elementor-column elementor-col-25 elementor-inner-column elementor-element elementor-element-f241849\" data-id=\"f241849\" data-element_type=\"column\" data-settings=\"{&quot;background_background&quot;:&quot;classic&quot;}\">\n\t\t\t<div class=\"elementor-widget-wrap elementor-element-populated\">\n\t\t\t\t\t\t<div class=\"elementor-element elementor-element-6987934 elementor-view-default elementor-widget elementor-widget-icon\" data-id=\"6987934\" data-element_type=\"widget\" data-widget_type=\"icon.default\">\n\t\t\t\t<div class=\"elementor-widget-container\">\n\t\t\t\t\t\t\t<div class=\"elementor-icon-wrapper\">\n\t\t\t<a class=\"elementor-icon\" href=\"https:\/\/www.youtube.com\/channel\/UC2xT2BhboiXVmuOB2Dt6Dow\">\n\t\t\t<i aria-hidden=\"true\" class=\"fab fa-youtube\"><\/i>\t\t\t<\/a>\n\t\t<\/div>\n\t\t\t\t\t\t<\/div>\n\t\t\t\t<\/div>\n\t\t\t\t\t<\/div>\n\t\t<\/div>\n\t\t\t\t<div class=\"elementor-column elementor-col-25 elementor-inner-column elementor-element elementor-element-013972a\" data-id=\"013972a\" data-element_type=\"column\" data-settings=\"{&quot;background_background&quot;:&quot;classic&quot;}\">\n\t\t\t<div class=\"elementor-widget-wrap elementor-element-populated\">\n\t\t\t\t\t\t<div class=\"elementor-element elementor-element-3e4b6fc elementor-view-default elementor-widget elementor-widget-icon\" data-id=\"3e4b6fc\" data-element_type=\"widget\" data-widget_type=\"icon.default\">\n\t\t\t\t<div class=\"elementor-widget-container\">\n\t\t\t\t\t\t\t<div class=\"elementor-icon-wrapper\">\n\t\t\t<a class=\"elementor-icon\" href=\"https:\/\/br.linkedin.com\/public-profile\/in\/elizangelamartinelli\">\n\t\t\t<i aria-hidden=\"true\" class=\"fab fa-linkedin\"><\/i>\t\t\t<\/a>\n\t\t<\/div>\n\t\t\t\t\t\t<\/div>\n\t\t\t\t<\/div>\n\t\t\t\t\t<\/div>\n\t\t<\/div>\n\t\t\t\t<div class=\"elementor-column elementor-col-25 elementor-inner-column elementor-element elementor-element-d85a2d5\" data-id=\"d85a2d5\" data-element_type=\"column\" data-settings=\"{&quot;background_background&quot;:&quot;classic&quot;}\">\n\t\t\t<div class=\"elementor-widget-wrap elementor-element-populated\">\n\t\t\t\t\t\t<div class=\"elementor-element elementor-element-53d1f3d elementor-view-default elementor-widget elementor-widget-icon\" data-id=\"53d1f3d\" data-element_type=\"widget\" data-widget_type=\"icon.default\">\n\t\t\t\t<div class=\"elementor-widget-container\">\n\t\t\t\t\t\t\t<div class=\"elementor-icon-wrapper\">\n\t\t\t<a class=\"elementor-icon\" href=\"https:\/\/www.facebook.com\/elizmartinelli\">\n\t\t\t<i aria-hidden=\"true\" class=\"fab fa-facebook-square\"><\/i>\t\t\t<\/a>\n\t\t<\/div>\n\t\t\t\t\t\t<\/div>\n\t\t\t\t<\/div>\n\t\t\t\t\t<\/div>\n\t\t<\/div>\n\t\t\t\t<div class=\"elementor-column elementor-col-25 elementor-inner-column elementor-element elementor-element-9cccffd\" data-id=\"9cccffd\" data-element_type=\"column\" data-settings=\"{&quot;background_background&quot;:&quot;classic&quot;}\">\n\t\t\t<div class=\"elementor-widget-wrap elementor-element-populated\">\n\t\t\t\t\t\t<div class=\"elementor-element elementor-element-cb77d08 elementor-view-default elementor-widget elementor-widget-icon\" data-id=\"cb77d08\" data-element_type=\"widget\" data-widget_type=\"icon.default\">\n\t\t\t\t<div class=\"elementor-widget-container\">\n\t\t\t\t\t\t\t<div class=\"elementor-icon-wrapper\">\n\t\t\t<a class=\"elementor-icon\" href=\"https:\/\/www.instagram.com\/elizangelamartinelli\/\">\n\t\t\t<svg xmlns=\"http:\/\/www.w3.org\/2000\/svg\" width=\"24\" height=\"24\" viewBox=\"0 0 24 24\"><path d=\"M15.233 5.488c-.843-.038-1.097-.046-3.233-.046s-2.389.008-3.232.046c-2.17.099-3.181 1.127-3.279 3.279-.039.844-.048 1.097-.048 3.233s.009 2.389.047 3.233c.099 2.148 1.106 3.18 3.279 3.279.843.038 1.097.047 3.233.047 2.137 0 2.39-.008 3.233-.046 2.17-.099 3.18-1.129 3.279-3.279.038-.844.046-1.097.046-3.233s-.008-2.389-.046-3.232c-.099-2.153-1.111-3.182-3.279-3.281zm-3.233 10.62c-2.269 0-4.108-1.839-4.108-4.108 0-2.269 1.84-4.108 4.108-4.108s4.108 1.839 4.108 4.108c0 2.269-1.839 4.108-4.108 4.108zm4.271-7.418c-.53 0-.96-.43-.96-.96s.43-.96.96-.96.96.43.96.96-.43.96-.96.96zm-1.604 3.31c0 1.473-1.194 2.667-2.667 2.667s-2.667-1.194-2.667-2.667c0-1.473 1.194-2.667 2.667-2.667s2.667 1.194 2.667 2.667zm4.333-12h-14c-2.761 0-5 2.239-5 5v14c0 2.761 2.239 5 5 5h14c2.762 0 5-2.239 5-5v-14c0-2.761-2.238-5-5-5zm.952 15.298c-.132 2.909-1.751 4.521-4.653 4.654-.854.039-1.126.048-3.299.048s-2.444-.009-3.298-.048c-2.908-.133-4.52-1.748-4.654-4.654-.039-.853-.048-1.125-.048-3.298 0-2.172.009-2.445.048-3.298.134-2.908 1.748-4.521 4.654-4.653.854-.04 1.125-.049 3.298-.049s2.445.009 3.299.048c2.908.133 4.523 1.751 4.653 4.653.039.854.048 1.127.048 3.299 0 2.173-.009 2.445-.048 3.298z\"><\/path><\/svg>\t\t\t<\/a>\n\t\t<\/div>\n\t\t\t\t\t\t<\/div>\n\t\t\t\t<\/div>\n\t\t\t\t\t<\/div>\n\t\t<\/div>\n\t\t\t\t\t<\/div>\n\t\t<\/section>\n\t\t\t\t<div class=\"elementor-element elementor-element-39040c6 elementor-widget elementor-widget-spacer\" data-id=\"39040c6\" data-element_type=\"widget\" data-widget_type=\"spacer.default\">\n\t\t\t\t<div class=\"elementor-widget-container\">\n\t\t\t\t\t\t\t<div class=\"elementor-spacer\">\n\t\t\t<div class=\"elementor-spacer-inner\"><\/div>\n\t\t<\/div>\n\t\t\t\t\t\t<\/div>\n\t\t\t\t<\/div>\n\t\t\t\t\t<\/div>\n\t\t<\/div>\n\t\t\t\t\t<\/div>\n\t\t<\/section>\n\t\t\t\t<\/div>\n\t\t","protected":false},"excerpt":{"rendered":"<p>IMPORTANTE O Manual j\u00e1 foi enviado para o seu e-mail (verifique tamb\u00e9m na aba outros ou spam). MAS ANTES de acessar, preste aten\u00e7\u00e3o aqui\u2026 Voc\u00ea s\u00f3 vai ver essa p\u00e1gina uma vez, ent\u00e3o assista esse v\u00eddeo com calma porque ele realmente pode te ajudar a mudar os resultados n\u00e3o apenas do seu Instagram, mas do [&hellip;]<\/p>\n","protected":false},"author":4,"featured_media":0,"parent":0,"menu_order":0,"comment_status":"closed","ping_status":"closed","template":"elementor_canvas","meta":{"footnotes":""},"class_list":["post-2930","page","type-page","status-publish","hentry"],"yoast_head":"<!-- This site is optimized with the Yoast SEO plugin v25.7 - https:\/\/yoast.com\/wordpress\/plugins\/seo\/ -->\n<title>Guia Pr\u00e1tico: Ideias de posts para Instagram - Elizangela Martinelli<\/title>\n<meta name=\"description\" content=\"Um guia para voc\u00ea criar conte\u00fados que transformam seguidores em clientes (de forma simples e r\u00e1pida).\" \/>\n<meta name=\"robots\" content=\"index, follow, max-snippet:-1, max-image-preview:large, max-video-preview:-1\" \/>\n<link rel=\"canonical\" href=\"https:\/\/lp.martinellimarketing.com.br\/?page_id=2930\" \/>\n<meta property=\"og:locale\" content=\"pt_BR\" \/>\n<meta property=\"og:type\" content=\"article\" \/>\n<meta property=\"og:title\" content=\"Guia Pr\u00e1tico: Ideias de posts para Instagram - Elizangela Martinelli\" \/>\n<meta property=\"og:description\" content=\"Um guia para voc\u00ea criar conte\u00fados que transformam seguidores em clientes (de forma simples e r\u00e1pida).\" \/>\n<meta property=\"og:url\" content=\"https:\/\/lp.martinellimarketing.com.br\/?page_id=2930\" \/>\n<meta property=\"og:site_name\" content=\"Elizangela Martinelli\" \/>\n<meta property=\"article:modified_time\" content=\"2022-07-13T12:44:49+00:00\" \/>\n<meta name=\"twitter:card\" content=\"summary_large_image\" \/>\n<meta name=\"twitter:label1\" content=\"Est. tempo de leitura\" \/>\n\t<meta name=\"twitter:data1\" content=\"1 minuto\" \/>\n<script type=\"application\/ld+json\" class=\"yoast-schema-graph\">{\"@context\":\"https:\/\/schema.org\",\"@graph\":[{\"@type\":\"WebPage\",\"@id\":\"https:\/\/lp.martinellimarketing.com.br\/?page_id=2930\",\"url\":\"https:\/\/lp.martinellimarketing.com.br\/?page_id=2930\",\"name\":\"Guia Pr\u00e1tico: Ideias de posts para Instagram - Elizangela Martinelli\",\"isPartOf\":{\"@id\":\"https:\/\/lp.martinellimarketing.com.br\/#website\"},\"datePublished\":\"2022-01-14T13:24:58+00:00\",\"dateModified\":\"2022-07-13T12:44:49+00:00\",\"description\":\"Um guia para voc\u00ea criar conte\u00fados que transformam seguidores em clientes (de forma simples e r\u00e1pida).\",\"breadcrumb\":{\"@id\":\"https:\/\/lp.martinellimarketing.com.br\/?page_id=2930#breadcrumb\"},\"inLanguage\":\"pt-BR\",\"potentialAction\":[{\"@type\":\"ReadAction\",\"target\":[\"https:\/\/lp.martinellimarketing.com.br\/?page_id=2930\"]}]},{\"@type\":\"BreadcrumbList\",\"@id\":\"https:\/\/lp.martinellimarketing.com.br\/?page_id=2930#breadcrumb\",\"itemListElement\":[{\"@type\":\"ListItem\",\"position\":1,\"name\":\"In\u00edcio\",\"item\":\"https:\/\/lp.martinellimarketing.com.br\/\"},{\"@type\":\"ListItem\",\"position\":2,\"name\":\"[OBRIGADO] Ebook Comunidade &#8211; JAN 2022\"}]},{\"@type\":\"WebSite\",\"@id\":\"https:\/\/lp.martinellimarketing.com.br\/#website\",\"url\":\"https:\/\/lp.martinellimarketing.com.br\/\",\"name\":\"Elizangela Martinelli\",\"description\":\"Aumente as Vendas do Seu Neg\u00f3cio\",\"publisher\":{\"@id\":\"https:\/\/lp.martinellimarketing.com.br\/#organization\"},\"potentialAction\":[{\"@type\":\"SearchAction\",\"target\":{\"@type\":\"EntryPoint\",\"urlTemplate\":\"https:\/\/lp.martinellimarketing.com.br\/?s={search_term_string}\"},\"query-input\":{\"@type\":\"PropertyValueSpecification\",\"valueRequired\":true,\"valueName\":\"search_term_string\"}}],\"inLanguage\":\"pt-BR\"},{\"@type\":\"Organization\",\"@id\":\"https:\/\/lp.martinellimarketing.com.br\/#organization\",\"name\":\"Elizangela Martinelli\",\"url\":\"https:\/\/lp.martinellimarketing.com.br\/\",\"logo\":{\"@type\":\"ImageObject\",\"inLanguage\":\"pt-BR\",\"@id\":\"https:\/\/lp.martinellimarketing.com.br\/#\/schema\/logo\/image\/\",\"url\":\"https:\/\/lp.martinellimarketing.com.br\/wp-content\/uploads\/2023\/06\/cropped-cropped-cropped-martinelli-png-300x86-1.png\",\"contentUrl\":\"https:\/\/lp.martinellimarketing.com.br\/wp-content\/uploads\/2023\/06\/cropped-cropped-cropped-martinelli-png-300x86-1.png\",\"width\":300,\"height\":86,\"caption\":\"Elizangela Martinelli\"},\"image\":{\"@id\":\"https:\/\/lp.martinellimarketing.com.br\/#\/schema\/logo\/image\/\"}}]}<\/script>\n<!-- \/ Yoast SEO plugin. -->","yoast_head_json":{"title":"Guia Pr\u00e1tico: Ideias de posts para Instagram - Elizangela Martinelli","description":"Um guia para voc\u00ea criar conte\u00fados que transformam seguidores em clientes (de forma simples e r\u00e1pida).","robots":{"index":"index","follow":"follow","max-snippet":"max-snippet:-1","max-image-preview":"max-image-preview:large","max-video-preview":"max-video-preview:-1"},"canonical":"https:\/\/lp.martinellimarketing.com.br\/?page_id=2930","og_locale":"pt_BR","og_type":"article","og_title":"Guia Pr\u00e1tico: Ideias de posts para Instagram - Elizangela Martinelli","og_description":"Um guia para voc\u00ea criar conte\u00fados que transformam seguidores em clientes (de forma simples e r\u00e1pida).","og_url":"https:\/\/lp.martinellimarketing.com.br\/?page_id=2930","og_site_name":"Elizangela Martinelli","article_modified_time":"2022-07-13T12:44:49+00:00","twitter_card":"summary_large_image","twitter_misc":{"Est. tempo de leitura":"1 minuto"},"schema":{"@context":"https:\/\/schema.org","@graph":[{"@type":"WebPage","@id":"https:\/\/lp.martinellimarketing.com.br\/?page_id=2930","url":"https:\/\/lp.martinellimarketing.com.br\/?page_id=2930","name":"Guia Pr\u00e1tico: Ideias de posts para Instagram - Elizangela Martinelli","isPartOf":{"@id":"https:\/\/lp.martinellimarketing.com.br\/#website"},"datePublished":"2022-01-14T13:24:58+00:00","dateModified":"2022-07-13T12:44:49+00:00","description":"Um guia para voc\u00ea criar conte\u00fados que transformam seguidores em clientes (de forma simples e r\u00e1pida).","breadcrumb":{"@id":"https:\/\/lp.martinellimarketing.com.br\/?page_id=2930#breadcrumb"},"inLanguage":"pt-BR","potentialAction":[{"@type":"ReadAction","target":["https:\/\/lp.martinellimarketing.com.br\/?page_id=2930"]}]},{"@type":"BreadcrumbList","@id":"https:\/\/lp.martinellimarketing.com.br\/?page_id=2930#breadcrumb","itemListElement":[{"@type":"ListItem","position":1,"name":"In\u00edcio","item":"https:\/\/lp.martinellimarketing.com.br\/"},{"@type":"ListItem","position":2,"name":"[OBRIGADO] Ebook Comunidade &#8211; JAN 2022"}]},{"@type":"WebSite","@id":"https:\/\/lp.martinellimarketing.com.br\/#website","url":"https:\/\/lp.martinellimarketing.com.br\/","name":"Elizangela Martinelli","description":"Aumente as Vendas do Seu Neg\u00f3cio","publisher":{"@id":"https:\/\/lp.martinellimarketing.com.br\/#organization"},"potentialAction":[{"@type":"SearchAction","target":{"@type":"EntryPoint","urlTemplate":"https:\/\/lp.martinellimarketing.com.br\/?s={search_term_string}"},"query-input":{"@type":"PropertyValueSpecification","valueRequired":true,"valueName":"search_term_string"}}],"inLanguage":"pt-BR"},{"@type":"Organization","@id":"https:\/\/lp.martinellimarketing.com.br\/#organization","name":"Elizangela Martinelli","url":"https:\/\/lp.martinellimarketing.com.br\/","logo":{"@type":"ImageObject","inLanguage":"pt-BR","@id":"https:\/\/lp.martinellimarketing.com.br\/#\/schema\/logo\/image\/","url":"https:\/\/lp.martinellimarketing.com.br\/wp-content\/uploads\/2023\/06\/cropped-cropped-cropped-martinelli-png-300x86-1.png","contentUrl":"https:\/\/lp.martinellimarketing.com.br\/wp-content\/uploads\/2023\/06\/cropped-cropped-cropped-martinelli-png-300x86-1.png","width":300,"height":86,"caption":"Elizangela Martinelli"},"image":{"@id":"https:\/\/lp.martinellimarketing.com.br\/#\/schema\/logo\/image\/"}}]}},"_links":{"self":[{"href":"https:\/\/lp.martinellimarketing.com.br\/index.php?rest_route=\/wp\/v2\/pages\/2930","targetHints":{"allow":["GET"]}}],"collection":[{"href":"https:\/\/lp.martinellimarketing.com.br\/index.php?rest_route=\/wp\/v2\/pages"}],"about":[{"href":"https:\/\/lp.martinellimarketing.com.br\/index.php?rest_route=\/wp\/v2\/types\/page"}],"author":[{"embeddable":true,"href":"https:\/\/lp.martinellimarketing.com.br\/index.php?rest_route=\/wp\/v2\/users\/4"}],"replies":[{"embeddable":true,"href":"https:\/\/lp.martinellimarketing.com.br\/index.php?rest_route=%2Fwp%2Fv2%2Fcomments&post=2930"}],"version-history":[{"count":65,"href":"https:\/\/lp.martinellimarketing.com.br\/index.php?rest_route=\/wp\/v2\/pages\/2930\/revisions"}],"predecessor-version":[{"id":33556,"href":"https:\/\/lp.martinellimarketing.com.br\/index.php?rest_route=\/wp\/v2\/pages\/2930\/revisions\/33556"}],"wp:attachment":[{"href":"https:\/\/lp.martinellimarketing.com.br\/index.php?rest_route=%2Fwp%2Fv2%2Fmedia&parent=2930"}],"curies":[{"name":"wp","href":"https:\/\/api.w.org\/{rel}","templated":true}]}}