{"id":34043,"date":"2023-01-09T13:19:24","date_gmt":"2023-01-09T13:19:24","guid":{"rendered":"https:\/\/lp.martinellimarketing.com.br\/?page_id=34043"},"modified":"2023-04-24T13:16:58","modified_gmt":"2023-04-24T13:16:58","slug":"obrigado-imersao-acelera-digital","status":"publish","type":"page","link":"https:\/\/lp.martinellimarketing.com.br\/?page_id=34043","title":{"rendered":"[OBRIGADO] Imers\u00e3o Gratuita Acelera Digital &#8211; Janeiro 2023"},"content":{"rendered":"\t\t<div data-elementor-type=\"wp-page\" data-elementor-id=\"34043\" class=\"elementor elementor-34043\" data-elementor-post-type=\"page\">\n\t\t\t\t\t\t<section class=\"elementor-section elementor-top-section elementor-element elementor-element-a1a4fe2 elementor-section-boxed elementor-section-height-default elementor-section-height-default\" data-id=\"a1a4fe2\" data-element_type=\"section\" data-settings=\"{&quot;background_background&quot;:&quot;classic&quot;}\">\n\t\t\t\t\t\t\t<div class=\"elementor-background-overlay\"><\/div>\n\t\t\t\t\t\t\t<div class=\"elementor-container elementor-column-gap-default\">\n\t\t\t\t\t<div class=\"elementor-column elementor-col-100 elementor-top-column elementor-element elementor-element-87bae77\" data-id=\"87bae77\" data-element_type=\"column\">\n\t\t\t<div class=\"elementor-widget-wrap elementor-element-populated\">\n\t\t\t\t\t\t<div class=\"elementor-element elementor-element-a4d7b03 elementor-hidden-desktop elementor-widget elementor-widget-spacer\" data-id=\"a4d7b03\" data-element_type=\"widget\" data-widget_type=\"spacer.default\">\n\t\t\t\t<div class=\"elementor-widget-container\">\n\t\t\t\t\t\t\t<div class=\"elementor-spacer\">\n\t\t\t<div class=\"elementor-spacer-inner\"><\/div>\n\t\t<\/div>\n\t\t\t\t\t\t<\/div>\n\t\t\t\t<\/div>\n\t\t\t\t<div class=\"elementor-element elementor-element-16406bf elementor-widget elementor-widget-heading\" data-id=\"16406bf\" data-element_type=\"widget\" data-widget_type=\"heading.default\">\n\t\t\t\t<div class=\"elementor-widget-container\">\n\t\t\t\t\t<h2 class=\"elementor-heading-title elementor-size-default\">Parab\u00e9ns! Falta pouco para finalizar seu cadastro<\/h2>\t\t\t\t<\/div>\n\t\t\t\t<\/div>\n\t\t\t\t<div class=\"elementor-element elementor-element-befb91f elementor-widget elementor-widget-video\" data-id=\"befb91f\" data-element_type=\"widget\" data-settings=\"{&quot;youtube_url&quot;:&quot;https:\\\/\\\/www.youtube.com\\\/watch?v=q33EdTsZa9c&quot;,&quot;show_image_overlay&quot;:&quot;yes&quot;,&quot;image_overlay&quot;:{&quot;url&quot;:&quot;https:\\\/\\\/controle.lp.martinellimarketing.com.br\\\/wp-content\\\/uploads\\\/2023\\\/01\\\/Miniatura-pag-obrigado.png&quot;,&quot;id&quot;:34124,&quot;size&quot;:&quot;&quot;,&quot;alt&quot;:&quot;&quot;,&quot;source&quot;:&quot;library&quot;},&quot;video_type&quot;:&quot;youtube&quot;,&quot;controls&quot;:&quot;yes&quot;}\" data-widget_type=\"video.default\">\n\t\t\t\t<div class=\"elementor-widget-container\">\n\t\t\t\t\t\t\t<div class=\"elementor-wrapper elementor-open-inline\">\n\t\t\t<div class=\"elementor-video\"><\/div>\t\t\t\t<div class=\"elementor-custom-embed-image-overlay\" style=\"background-image: url(https:\/\/lp.martinellimarketing.com.br\/wp-content\/uploads\/2023\/01\/Miniatura-pag-obrigado.png);\">\n\t\t\t\t\t\t\t\t\t\t\t\t\t\t\t\t<div class=\"elementor-custom-embed-play\" role=\"button\" aria-label=\"Reproduzir v\u00eddeo\" tabindex=\"0\">\n\t\t\t\t\t\t\t<i aria-hidden=\"true\" class=\"eicon-play\"><\/i>\t\t\t\t\t\t<\/div>\n\t\t\t\t\t\t\t\t\t<\/div>\n\t\t\t\t\t<\/div>\n\t\t\t\t\t\t<\/div>\n\t\t\t\t<\/div>\n\t\t\t\t<div class=\"elementor-element elementor-element-0d29317 elementor-widget elementor-widget-spacer\" data-id=\"0d29317\" data-element_type=\"widget\" data-widget_type=\"spacer.default\">\n\t\t\t\t<div class=\"elementor-widget-container\">\n\t\t\t\t\t\t\t<div class=\"elementor-spacer\">\n\t\t\t<div class=\"elementor-spacer-inner\"><\/div>\n\t\t<\/div>\n\t\t\t\t\t\t<\/div>\n\t\t\t\t<\/div>\n\t\t\t\t<div class=\"elementor-element elementor-element-471db48 elementor-widget elementor-widget-heading\" data-id=\"471db48\" data-element_type=\"widget\" data-widget_type=\"heading.default\">\n\t\t\t\t<div class=\"elementor-widget-container\">\n\t\t\t\t\t<h2 class=\"elementor-heading-title elementor-size-default\"> Clique na imagem abaixo e entre agora no GRUPO DO WHATSAPP. <\/h2>\t\t\t\t<\/div>\n\t\t\t\t<\/div>\n\t\t\t\t<div class=\"elementor-element elementor-element-b227226 elementor-widget elementor-widget-text-editor\" data-id=\"b227226\" data-element_type=\"widget\" data-widget_type=\"text-editor.default\">\n\t\t\t\t<div class=\"elementor-widget-container\">\n\t\t\t\t\t\t\t\t\t<p><span style=\"font-weight: 400;\">Nesse grupo vou enviar o link do nosso encontro e materiais complementares.<\/span><\/p>\t\t\t\t\t\t\t\t<\/div>\n\t\t\t\t<\/div>\n\t\t\t\t<div class=\"elementor-element elementor-element-5c83b07 elementor-widget elementor-widget-text-editor\" data-id=\"5c83b07\" data-element_type=\"widget\" data-widget_type=\"text-editor.default\">\n\t\t\t\t<div class=\"elementor-widget-container\">\n\t\t\t\t\t\t\t\t\t<p><span style=\"font-weight: 400;\">O grupo \u00e9 silencioso para n\u00e3o atrapalhar a sua rotina, mas teremos\u00a0 momentos de intera\u00e7\u00e3o para voc\u00ea tirar suas d\u00favidas.<\/span><\/p>\t\t\t\t\t\t\t\t<\/div>\n\t\t\t\t<\/div>\n\t\t\t\t<div class=\"elementor-element elementor-element-10f7168 elementor-widget elementor-widget-image\" data-id=\"10f7168\" data-element_type=\"widget\" data-widget_type=\"image.default\">\n\t\t\t\t<div class=\"elementor-widget-container\">\n\t\t\t\t\t\t\t\t\t\t\t\t\t\t\t\t<a href=\"https:\/\/chat.whatsapp.com\/JjExeGTLMGI7U7mS2QmLJJ\" target=\"_blank\">\n\t\t\t\t\t\t\t<img fetchpriority=\"high\" decoding=\"async\" width=\"580\" height=\"90\" src=\"https:\/\/lp.martinellimarketing.com.br\/wp-content\/uploads\/2023\/01\/image1.png\" class=\"attachment-large size-large wp-image-34046\" alt=\"\" srcset=\"https:\/\/lp.martinellimarketing.com.br\/wp-content\/uploads\/2023\/01\/image1.png 684w, https:\/\/lp.martinellimarketing.com.br\/wp-content\/uploads\/2023\/01\/image1-300x46.png 300w\" sizes=\"(max-width: 580px) 100vw, 580px\" \/>\t\t\t\t\t\t\t\t<\/a>\n\t\t\t\t\t\t\t\t\t\t\t\t\t\t\t<\/div>\n\t\t\t\t<\/div>\n\t\t\t\t<div class=\"elementor-element elementor-element-b7c1b1b elementor-widget elementor-widget-spacer\" data-id=\"b7c1b1b\" data-element_type=\"widget\" data-widget_type=\"spacer.default\">\n\t\t\t\t<div class=\"elementor-widget-container\">\n\t\t\t\t\t\t\t<div class=\"elementor-spacer\">\n\t\t\t<div class=\"elementor-spacer-inner\"><\/div>\n\t\t<\/div>\n\t\t\t\t\t\t<\/div>\n\t\t\t\t<\/div>\n\t\t\t\t<div class=\"elementor-element elementor-element-89c2a1b elementor-widget elementor-widget-heading\" data-id=\"89c2a1b\" data-element_type=\"widget\" data-widget_type=\"heading.default\">\n\t\t\t\t<div class=\"elementor-widget-container\">\n\t\t\t\t\t<h2 class=\"elementor-heading-title elementor-size-default\">Reserve na sua agenda o dia 06\/05 e participe ao vivo comigo, para tirar suas d\u00favidas.<\/h2>\t\t\t\t<\/div>\n\t\t\t\t<\/div>\n\t\t\t\t<div class=\"elementor-element elementor-element-3fa005d elementor-widget elementor-widget-spacer\" data-id=\"3fa005d\" data-element_type=\"widget\" data-widget_type=\"spacer.default\">\n\t\t\t\t<div class=\"elementor-widget-container\">\n\t\t\t\t\t\t\t<div class=\"elementor-spacer\">\n\t\t\t<div class=\"elementor-spacer-inner\"><\/div>\n\t\t<\/div>\n\t\t\t\t\t\t<\/div>\n\t\t\t\t<\/div>\n\t\t\t\t<div class=\"elementor-element elementor-element-a91904a elementor-widget elementor-widget-heading\" data-id=\"a91904a\" data-element_type=\"widget\" data-widget_type=\"heading.default\">\n\t\t\t\t<div class=\"elementor-widget-container\">\n\t\t\t\t\t<h2 class=\"elementor-heading-title elementor-size-default\">Um abra\u00e7o e nos encontramos em breve!<\/h2>\t\t\t\t<\/div>\n\t\t\t\t<\/div>\n\t\t\t\t<div class=\"elementor-element elementor-element-04e45ae elementor-widget elementor-widget-spacer\" data-id=\"04e45ae\" data-element_type=\"widget\" data-widget_type=\"spacer.default\">\n\t\t\t\t<div class=\"elementor-widget-container\">\n\t\t\t\t\t\t\t<div class=\"elementor-spacer\">\n\t\t\t<div class=\"elementor-spacer-inner\"><\/div>\n\t\t<\/div>\n\t\t\t\t\t\t<\/div>\n\t\t\t\t<\/div>\n\t\t\t\t<div class=\"elementor-element elementor-element-311fe99 elementor-widget elementor-widget-image\" data-id=\"311fe99\" data-element_type=\"widget\" data-widget_type=\"image.default\">\n\t\t\t\t<div class=\"elementor-widget-container\">\n\t\t\t\t\t\t\t\t\t\t\t\t\t\t\t<img decoding=\"async\" width=\"580\" height=\"580\" src=\"https:\/\/lp.martinellimarketing.com.br\/wp-content\/uploads\/2022\/05\/presentation-2-1024x1024.png\" class=\"attachment-large size-large wp-image-33113\" alt=\"\" srcset=\"https:\/\/lp.martinellimarketing.com.br\/wp-content\/uploads\/2022\/05\/presentation-2-1024x1024.png 1024w, https:\/\/lp.martinellimarketing.com.br\/wp-content\/uploads\/2022\/05\/presentation-2-300x300.png 300w, https:\/\/lp.martinellimarketing.com.br\/wp-content\/uploads\/2022\/05\/presentation-2-150x150.png 150w, https:\/\/lp.martinellimarketing.com.br\/wp-content\/uploads\/2022\/05\/presentation-2-768x768.png 768w, https:\/\/lp.martinellimarketing.com.br\/wp-content\/uploads\/2022\/05\/presentation-2.png 1048w\" sizes=\"(max-width: 580px) 100vw, 580px\" \/>\t\t\t\t\t\t\t\t\t\t\t\t\t\t\t<\/div>\n\t\t\t\t<\/div>\n\t\t\t\t<div class=\"elementor-element elementor-element-86f4a64 elementor-widget elementor-widget-heading\" data-id=\"86f4a64\" data-element_type=\"widget\" data-widget_type=\"heading.default\">\n\t\t\t\t<div class=\"elementor-widget-container\">\n\t\t\t\t\t<h2 class=\"elementor-heading-title elementor-size-default\">Elizangela Martinelli<\/h2>\t\t\t\t<\/div>\n\t\t\t\t<\/div>\n\t\t\t\t<div class=\"elementor-element elementor-element-c6211d9 elementor-widget elementor-widget-heading\" data-id=\"c6211d9\" data-element_type=\"widget\" data-widget_type=\"heading.default\">\n\t\t\t\t<div class=\"elementor-widget-container\">\n\t\t\t\t\t<h2 class=\"elementor-heading-title elementor-size-default\">M\u00e9todo Marketing PRO<\/h2>\t\t\t\t<\/div>\n\t\t\t\t<\/div>\n\t\t\t\t<div class=\"elementor-element elementor-element-39040c6 elementor-widget elementor-widget-spacer\" data-id=\"39040c6\" data-element_type=\"widget\" data-widget_type=\"spacer.default\">\n\t\t\t\t<div class=\"elementor-widget-container\">\n\t\t\t\t\t\t\t<div class=\"elementor-spacer\">\n\t\t\t<div class=\"elementor-spacer-inner\"><\/div>\n\t\t<\/div>\n\t\t\t\t\t\t<\/div>\n\t\t\t\t<\/div>\n\t\t\t\t\t<\/div>\n\t\t<\/div>\n\t\t\t\t\t<\/div>\n\t\t<\/section>\n\t\t\t\t<section class=\"elementor-section elementor-top-section elementor-element elementor-element-50de5b4 elementor-section-boxed elementor-section-height-default elementor-section-height-default\" data-id=\"50de5b4\" data-element_type=\"section\" data-settings=\"{&quot;background_background&quot;:&quot;classic&quot;}\">\n\t\t\t\t\t\t<div class=\"elementor-container elementor-column-gap-default\">\n\t\t\t\t\t<div class=\"elementor-column elementor-col-100 elementor-top-column elementor-element elementor-element-a75c3e2\" data-id=\"a75c3e2\" data-element_type=\"column\">\n\t\t\t<div class=\"elementor-widget-wrap elementor-element-populated\">\n\t\t\t\t\t\t<div class=\"elementor-element elementor-element-4b55e20 elementor-widget elementor-widget-text-editor\" data-id=\"4b55e20\" data-element_type=\"widget\" data-widget_type=\"text-editor.default\">\n\t\t\t\t<div class=\"elementor-widget-container\">\n\t\t\t\t\t\t\t\t\t\u00a9 Martinelli Marketing. Todos os direitos reservados.\t\t\t\t\t\t\t\t<\/div>\n\t\t\t\t<\/div>\n\t\t\t\t<div class=\"elementor-element elementor-element-98cd87c elementor-widget elementor-widget-text-editor\" data-id=\"98cd87c\" data-element_type=\"widget\" data-widget_type=\"text-editor.default\">\n\t\t\t\t<div class=\"elementor-widget-container\">\n\t\t\t\t\t\t\t\t\t<p style=\"text-align: center;\"><span style=\"text-decoration: underline;\"><a href=\"https:\/\/lp.martinellimarketing.com.br\/politica-de-privacidade\/\" target=\"_blank\" rel=\"noopener\">Pol\u00edtica de Privacidade<\/a><\/span><a href=\"https:\/\/lp.martinellimarketing.com.br\/politica-de-privacidade\/\"> \u00a0 \u00a0 \u00a0 \u00a0 \u00a0 \u00a0 \u00a0 \u00a0 \u00a0 \u00a0 \u00a0 \u00a0 <\/a><span style=\"text-decoration: underline;\"><a href=\"https:\/\/lp.martinellimarketing.com.br\/politica-de-cookies\/\" target=\"_blank\" rel=\"noopener\">Pol\u00edtica de Cookies<\/a><\/span><\/p>\t\t\t\t\t\t\t\t<\/div>\n\t\t\t\t<\/div>\n\t\t\t\t<div class=\"elementor-element elementor-element-c94ebfb elementor-widget elementor-widget-html\" data-id=\"c94ebfb\" data-element_type=\"widget\" data-widget_type=\"html.default\">\n\t\t\t\t<div class=\"elementor-widget-container\">\n\t\t\t\t\t<script>\n(function() {\n     const utmParamQueryString = new URLSearchParams(window.location.search);\n     if (utmParamQueryString.toString()) {\n          var navLinks = document.querySelectorAll('a');\n          navLinks.forEach(function(item) {\n               if (item.href.indexOf('sun.eduzz.com') !== -1) {\n                    if (item.href.indexOf('?') === -1) {\n                         item.href += '?' + utmParamQueryString.toString();\n                    } else {\n                         item.href += '&' + utmParamQueryString.toString();\n                    }\n               }\n          });\n     }\n})();\n<\/script>\t\t\t\t<\/div>\n\t\t\t\t<\/div>\n\t\t\t\t\t<\/div>\n\t\t<\/div>\n\t\t\t\t\t<\/div>\n\t\t<\/section>\n\t\t\t\t<\/div>\n\t\t","protected":false},"excerpt":{"rendered":"<p>Parab\u00e9ns! Falta pouco para finalizar seu cadastro Clique na imagem abaixo e entre agora no GRUPO DO WHATSAPP. Nesse grupo vou enviar o link do nosso encontro e materiais complementares. O grupo \u00e9 silencioso para n\u00e3o atrapalhar a sua rotina, mas teremos\u00a0 momentos de intera\u00e7\u00e3o para voc\u00ea tirar suas d\u00favidas. Reserve na sua agenda o [&hellip;]<\/p>\n","protected":false},"author":4,"featured_media":0,"parent":0,"menu_order":0,"comment_status":"closed","ping_status":"closed","template":"elementor_canvas","meta":{"footnotes":""},"class_list":["post-34043","page","type-page","status-publish","hentry"],"yoast_head":"<!-- This site is optimized with the Yoast SEO plugin v25.7 - https:\/\/yoast.com\/wordpress\/plugins\/seo\/ -->\n<title>Acesso liberado! - Elizangela Martinelli<\/title>\n<meta name=\"description\" content=\"Um abra\u00e7o e nos encontramos em breve!\" \/>\n<meta name=\"robots\" content=\"index, follow, max-snippet:-1, max-image-preview:large, max-video-preview:-1\" \/>\n<link rel=\"canonical\" href=\"https:\/\/lp.martinellimarketing.com.br\/?page_id=34043\" \/>\n<meta property=\"og:locale\" content=\"pt_BR\" \/>\n<meta property=\"og:type\" content=\"article\" \/>\n<meta property=\"og:title\" content=\"Acesso liberado! - Elizangela Martinelli\" \/>\n<meta property=\"og:description\" content=\"Um abra\u00e7o e nos encontramos em breve!\" \/>\n<meta property=\"og:url\" content=\"https:\/\/lp.martinellimarketing.com.br\/?page_id=34043\" \/>\n<meta property=\"og:site_name\" content=\"Elizangela Martinelli\" \/>\n<meta property=\"article:modified_time\" content=\"2023-04-24T13:16:58+00:00\" \/>\n<meta property=\"og:image\" content=\"https:\/\/controle.lp.martinellimarketing.com.br\/wp-content\/uploads\/2023\/01\/image1.png\" \/>\n<meta name=\"twitter:card\" content=\"summary_large_image\" \/>\n<meta name=\"twitter:label1\" content=\"Est. tempo de leitura\" \/>\n\t<meta name=\"twitter:data1\" content=\"2 minutos\" \/>\n<script type=\"application\/ld+json\" class=\"yoast-schema-graph\">{\"@context\":\"https:\/\/schema.org\",\"@graph\":[{\"@type\":\"WebPage\",\"@id\":\"https:\/\/lp.martinellimarketing.com.br\/?page_id=34043\",\"url\":\"https:\/\/lp.martinellimarketing.com.br\/?page_id=34043\",\"name\":\"Acesso liberado! - Elizangela Martinelli\",\"isPartOf\":{\"@id\":\"https:\/\/lp.martinellimarketing.com.br\/#website\"},\"primaryImageOfPage\":{\"@id\":\"https:\/\/lp.martinellimarketing.com.br\/?page_id=34043#primaryimage\"},\"image\":{\"@id\":\"https:\/\/lp.martinellimarketing.com.br\/?page_id=34043#primaryimage\"},\"thumbnailUrl\":\"https:\/\/controle.lp.martinellimarketing.com.br\/wp-content\/uploads\/2023\/01\/image1.png\",\"datePublished\":\"2023-01-09T13:19:24+00:00\",\"dateModified\":\"2023-04-24T13:16:58+00:00\",\"description\":\"Um abra\u00e7o e nos encontramos em breve!\",\"breadcrumb\":{\"@id\":\"https:\/\/lp.martinellimarketing.com.br\/?page_id=34043#breadcrumb\"},\"inLanguage\":\"pt-BR\",\"potentialAction\":[{\"@type\":\"ReadAction\",\"target\":[\"https:\/\/lp.martinellimarketing.com.br\/?page_id=34043\"]}]},{\"@type\":\"ImageObject\",\"inLanguage\":\"pt-BR\",\"@id\":\"https:\/\/lp.martinellimarketing.com.br\/?page_id=34043#primaryimage\",\"url\":\"https:\/\/controle.lp.martinellimarketing.com.br\/wp-content\/uploads\/2023\/01\/image1.png\",\"contentUrl\":\"https:\/\/controle.lp.martinellimarketing.com.br\/wp-content\/uploads\/2023\/01\/image1.png\"},{\"@type\":\"BreadcrumbList\",\"@id\":\"https:\/\/lp.martinellimarketing.com.br\/?page_id=34043#breadcrumb\",\"itemListElement\":[{\"@type\":\"ListItem\",\"position\":1,\"name\":\"In\u00edcio\",\"item\":\"https:\/\/lp.martinellimarketing.com.br\/\"},{\"@type\":\"ListItem\",\"position\":2,\"name\":\"[OBRIGADO] Imers\u00e3o Gratuita Acelera Digital &#8211; Janeiro 2023\"}]},{\"@type\":\"WebSite\",\"@id\":\"https:\/\/lp.martinellimarketing.com.br\/#website\",\"url\":\"https:\/\/lp.martinellimarketing.com.br\/\",\"name\":\"Elizangela Martinelli\",\"description\":\"Aumente as Vendas do Seu Neg\u00f3cio\",\"publisher\":{\"@id\":\"https:\/\/lp.martinellimarketing.com.br\/#organization\"},\"potentialAction\":[{\"@type\":\"SearchAction\",\"target\":{\"@type\":\"EntryPoint\",\"urlTemplate\":\"https:\/\/lp.martinellimarketing.com.br\/?s={search_term_string}\"},\"query-input\":{\"@type\":\"PropertyValueSpecification\",\"valueRequired\":true,\"valueName\":\"search_term_string\"}}],\"inLanguage\":\"pt-BR\"},{\"@type\":\"Organization\",\"@id\":\"https:\/\/lp.martinellimarketing.com.br\/#organization\",\"name\":\"Elizangela Martinelli\",\"url\":\"https:\/\/lp.martinellimarketing.com.br\/\",\"logo\":{\"@type\":\"ImageObject\",\"inLanguage\":\"pt-BR\",\"@id\":\"https:\/\/lp.martinellimarketing.com.br\/#\/schema\/logo\/image\/\",\"url\":\"https:\/\/lp.martinellimarketing.com.br\/wp-content\/uploads\/2023\/06\/cropped-cropped-cropped-martinelli-png-300x86-1.png\",\"contentUrl\":\"https:\/\/lp.martinellimarketing.com.br\/wp-content\/uploads\/2023\/06\/cropped-cropped-cropped-martinelli-png-300x86-1.png\",\"width\":300,\"height\":86,\"caption\":\"Elizangela Martinelli\"},\"image\":{\"@id\":\"https:\/\/lp.martinellimarketing.com.br\/#\/schema\/logo\/image\/\"}}]}<\/script>\n<!-- \/ Yoast SEO plugin. -->","yoast_head_json":{"title":"Acesso liberado! - Elizangela Martinelli","description":"Um abra\u00e7o e nos encontramos em breve!","robots":{"index":"index","follow":"follow","max-snippet":"max-snippet:-1","max-image-preview":"max-image-preview:large","max-video-preview":"max-video-preview:-1"},"canonical":"https:\/\/lp.martinellimarketing.com.br\/?page_id=34043","og_locale":"pt_BR","og_type":"article","og_title":"Acesso liberado! - Elizangela Martinelli","og_description":"Um abra\u00e7o e nos encontramos em breve!","og_url":"https:\/\/lp.martinellimarketing.com.br\/?page_id=34043","og_site_name":"Elizangela Martinelli","article_modified_time":"2023-04-24T13:16:58+00:00","og_image":[{"url":"https:\/\/controle.lp.martinellimarketing.com.br\/wp-content\/uploads\/2023\/01\/image1.png","type":"","width":"","height":""}],"twitter_card":"summary_large_image","twitter_misc":{"Est. tempo de leitura":"2 minutos"},"schema":{"@context":"https:\/\/schema.org","@graph":[{"@type":"WebPage","@id":"https:\/\/lp.martinellimarketing.com.br\/?page_id=34043","url":"https:\/\/lp.martinellimarketing.com.br\/?page_id=34043","name":"Acesso liberado! - Elizangela Martinelli","isPartOf":{"@id":"https:\/\/lp.martinellimarketing.com.br\/#website"},"primaryImageOfPage":{"@id":"https:\/\/lp.martinellimarketing.com.br\/?page_id=34043#primaryimage"},"image":{"@id":"https:\/\/lp.martinellimarketing.com.br\/?page_id=34043#primaryimage"},"thumbnailUrl":"https:\/\/controle.lp.martinellimarketing.com.br\/wp-content\/uploads\/2023\/01\/image1.png","datePublished":"2023-01-09T13:19:24+00:00","dateModified":"2023-04-24T13:16:58+00:00","description":"Um abra\u00e7o e nos encontramos em breve!","breadcrumb":{"@id":"https:\/\/lp.martinellimarketing.com.br\/?page_id=34043#breadcrumb"},"inLanguage":"pt-BR","potentialAction":[{"@type":"ReadAction","target":["https:\/\/lp.martinellimarketing.com.br\/?page_id=34043"]}]},{"@type":"ImageObject","inLanguage":"pt-BR","@id":"https:\/\/lp.martinellimarketing.com.br\/?page_id=34043#primaryimage","url":"https:\/\/controle.lp.martinellimarketing.com.br\/wp-content\/uploads\/2023\/01\/image1.png","contentUrl":"https:\/\/controle.lp.martinellimarketing.com.br\/wp-content\/uploads\/2023\/01\/image1.png"},{"@type":"BreadcrumbList","@id":"https:\/\/lp.martinellimarketing.com.br\/?page_id=34043#breadcrumb","itemListElement":[{"@type":"ListItem","position":1,"name":"In\u00edcio","item":"https:\/\/lp.martinellimarketing.com.br\/"},{"@type":"ListItem","position":2,"name":"[OBRIGADO] Imers\u00e3o Gratuita Acelera Digital &#8211; Janeiro 2023"}]},{"@type":"WebSite","@id":"https:\/\/lp.martinellimarketing.com.br\/#website","url":"https:\/\/lp.martinellimarketing.com.br\/","name":"Elizangela Martinelli","description":"Aumente as Vendas do Seu Neg\u00f3cio","publisher":{"@id":"https:\/\/lp.martinellimarketing.com.br\/#organization"},"potentialAction":[{"@type":"SearchAction","target":{"@type":"EntryPoint","urlTemplate":"https:\/\/lp.martinellimarketing.com.br\/?s={search_term_string}"},"query-input":{"@type":"PropertyValueSpecification","valueRequired":true,"valueName":"search_term_string"}}],"inLanguage":"pt-BR"},{"@type":"Organization","@id":"https:\/\/lp.martinellimarketing.com.br\/#organization","name":"Elizangela Martinelli","url":"https:\/\/lp.martinellimarketing.com.br\/","logo":{"@type":"ImageObject","inLanguage":"pt-BR","@id":"https:\/\/lp.martinellimarketing.com.br\/#\/schema\/logo\/image\/","url":"https:\/\/lp.martinellimarketing.com.br\/wp-content\/uploads\/2023\/06\/cropped-cropped-cropped-martinelli-png-300x86-1.png","contentUrl":"https:\/\/lp.martinellimarketing.com.br\/wp-content\/uploads\/2023\/06\/cropped-cropped-cropped-martinelli-png-300x86-1.png","width":300,"height":86,"caption":"Elizangela Martinelli"},"image":{"@id":"https:\/\/lp.martinellimarketing.com.br\/#\/schema\/logo\/image\/"}}]}},"_links":{"self":[{"href":"https:\/\/lp.martinellimarketing.com.br\/index.php?rest_route=\/wp\/v2\/pages\/34043","targetHints":{"allow":["GET"]}}],"collection":[{"href":"https:\/\/lp.martinellimarketing.com.br\/index.php?rest_route=\/wp\/v2\/pages"}],"about":[{"href":"https:\/\/lp.martinellimarketing.com.br\/index.php?rest_route=\/wp\/v2\/types\/page"}],"author":[{"embeddable":true,"href":"https:\/\/lp.martinellimarketing.com.br\/index.php?rest_route=\/wp\/v2\/users\/4"}],"replies":[{"embeddable":true,"href":"https:\/\/lp.martinellimarketing.com.br\/index.php?rest_route=%2Fwp%2Fv2%2Fcomments&post=34043"}],"version-history":[{"count":62,"href":"https:\/\/lp.martinellimarketing.com.br\/index.php?rest_route=\/wp\/v2\/pages\/34043\/revisions"}],"predecessor-version":[{"id":34419,"href":"https:\/\/lp.martinellimarketing.com.br\/index.php?rest_route=\/wp\/v2\/pages\/34043\/revisions\/34419"}],"wp:attachment":[{"href":"https:\/\/lp.martinellimarketing.com.br\/index.php?rest_route=%2Fwp%2Fv2%2Fmedia&parent=34043"}],"curies":[{"name":"wp","href":"https:\/\/api.w.org\/{rel}","templated":true}]}}