{"id":34147,"date":"2023-01-25T11:19:56","date_gmt":"2023-01-25T11:19:56","guid":{"rendered":"https:\/\/lp.martinellimarketing.com.br\/?page_id=34147"},"modified":"2023-08-23T12:46:59","modified_gmt":"2023-08-23T12:46:59","slug":"replay-imersao-acelera-digital","status":"publish","type":"page","link":"https:\/\/lp.martinellimarketing.com.br\/?page_id=34147","title":{"rendered":"[REPLAY] Imers\u00e3o Gratuita Acelera Digital &#8211; Janeiro 2023"},"content":{"rendered":"\t\t<div data-elementor-type=\"wp-page\" data-elementor-id=\"34147\" class=\"elementor elementor-34147\" data-elementor-post-type=\"page\">\n\t\t\t\t\t\t<section class=\"elementor-section elementor-top-section elementor-element elementor-element-dec3a96 elementor-section-boxed elementor-section-height-default elementor-section-height-default\" data-id=\"dec3a96\" data-element_type=\"section\" data-settings=\"{&quot;background_background&quot;:&quot;classic&quot;}\">\n\t\t\t\t\t\t<div class=\"elementor-container elementor-column-gap-default\">\n\t\t\t\t\t<div class=\"elementor-column elementor-col-100 elementor-top-column elementor-element elementor-element-622104a\" data-id=\"622104a\" data-element_type=\"column\">\n\t\t\t<div class=\"elementor-widget-wrap elementor-element-populated\">\n\t\t\t\t\t\t<div class=\"elementor-element elementor-element-4cf8414 elementor-widget elementor-widget-image\" data-id=\"4cf8414\" data-element_type=\"widget\" data-widget_type=\"image.default\">\n\t\t\t\t<div class=\"elementor-widget-container\">\n\t\t\t\t\t\t\t\t\t\t\t\t\t\t\t<img fetchpriority=\"high\" decoding=\"async\" width=\"580\" height=\"179\" src=\"https:\/\/lp.martinellimarketing.com.br\/wp-content\/uploads\/2023\/08\/logo-acelera-digital-1-2-1024x316.png\" class=\"attachment-large size-large wp-image-34495\" alt=\"\" srcset=\"https:\/\/lp.martinellimarketing.com.br\/wp-content\/uploads\/2023\/08\/logo-acelera-digital-1-2-1024x316.png 1024w, https:\/\/lp.martinellimarketing.com.br\/wp-content\/uploads\/2023\/08\/logo-acelera-digital-1-2-300x93.png 300w, https:\/\/lp.martinellimarketing.com.br\/wp-content\/uploads\/2023\/08\/logo-acelera-digital-1-2-768x237.png 768w, https:\/\/lp.martinellimarketing.com.br\/wp-content\/uploads\/2023\/08\/logo-acelera-digital-1-2.png 1080w\" sizes=\"(max-width: 580px) 100vw, 580px\" \/>\t\t\t\t\t\t\t\t\t\t\t\t\t\t\t<\/div>\n\t\t\t\t<\/div>\n\t\t\t\t<div class=\"elementor-element elementor-element-de91bbc elementor-widget elementor-widget-spacer\" data-id=\"de91bbc\" data-element_type=\"widget\" data-widget_type=\"spacer.default\">\n\t\t\t\t<div class=\"elementor-widget-container\">\n\t\t\t\t\t\t\t<div class=\"elementor-spacer\">\n\t\t\t<div class=\"elementor-spacer-inner\"><\/div>\n\t\t<\/div>\n\t\t\t\t\t\t<\/div>\n\t\t\t\t<\/div>\n\t\t\t\t<div class=\"elementor-element elementor-element-ffe1100 elementor-widget elementor-widget-heading\" data-id=\"ffe1100\" data-element_type=\"widget\" data-widget_type=\"heading.default\">\n\t\t\t\t<div class=\"elementor-widget-container\">\n\t\t\t\t\t<h2 class=\"elementor-heading-title elementor-size-default\">Assista o replay e domine as a\u00e7\u00f5es certas para atrair clientes e vender seus servi\u00e7os usando o Instagram<\/h2>\t\t\t\t<\/div>\n\t\t\t\t<\/div>\n\t\t\t\t<div class=\"elementor-element elementor-element-7204921 elementor-widget elementor-widget-spacer\" data-id=\"7204921\" data-element_type=\"widget\" data-widget_type=\"spacer.default\">\n\t\t\t\t<div class=\"elementor-widget-container\">\n\t\t\t\t\t\t\t<div class=\"elementor-spacer\">\n\t\t\t<div class=\"elementor-spacer-inner\"><\/div>\n\t\t<\/div>\n\t\t\t\t\t\t<\/div>\n\t\t\t\t<\/div>\n\t\t\t\t<div class=\"elementor-element elementor-element-d169be8 elementor-widget elementor-widget-video\" data-id=\"d169be8\" data-element_type=\"widget\" data-settings=\"{&quot;youtube_url&quot;:&quot;https:\\\/\\\/www.youtube.com\\\/watch?v=w20jdQ4wWSM&quot;,&quot;video_type&quot;:&quot;youtube&quot;,&quot;controls&quot;:&quot;yes&quot;}\" data-widget_type=\"video.default\">\n\t\t\t\t<div class=\"elementor-widget-container\">\n\t\t\t\t\t\t\t<div class=\"elementor-wrapper elementor-open-inline\">\n\t\t\t<div class=\"elementor-video\"><\/div>\t\t<\/div>\n\t\t\t\t\t\t<\/div>\n\t\t\t\t<\/div>\n\t\t\t\t<div class=\"elementor-element elementor-element-94a4093 elementor-widget elementor-widget-spacer\" data-id=\"94a4093\" data-element_type=\"widget\" data-widget_type=\"spacer.default\">\n\t\t\t\t<div class=\"elementor-widget-container\">\n\t\t\t\t\t\t\t<div class=\"elementor-spacer\">\n\t\t\t<div class=\"elementor-spacer-inner\"><\/div>\n\t\t<\/div>\n\t\t\t\t\t\t<\/div>\n\t\t\t\t<\/div>\n\t\t\t\t<div class=\"elementor-element elementor-element-8005f3b elementor-align-center elementor-widget elementor-widget-button\" data-id=\"8005f3b\" data-element_type=\"widget\" data-widget_type=\"button.default\">\n\t\t\t\t<div class=\"elementor-widget-container\">\n\t\t\t\t\t\t\t\t\t<div class=\"elementor-button-wrapper\">\n\t\t\t\t\t<a class=\"elementor-button elementor-button-link elementor-size-lg\" href=\"https:\/\/lp.martinellimarketing.com.br\/pre-venda-comunidade-mkt-pro\/\" target=\"_blank\">\n\t\t\t\t\t\t<span class=\"elementor-button-content-wrapper\">\n\t\t\t\t\t\t\t\t\t<span class=\"elementor-button-text\">QUERO ATRAIR CLIENTES<\/span>\n\t\t\t\t\t<\/span>\n\t\t\t\t\t<\/a>\n\t\t\t\t<\/div>\n\t\t\t\t\t\t\t\t<\/div>\n\t\t\t\t<\/div>\n\t\t\t\t\t<\/div>\n\t\t<\/div>\n\t\t\t\t\t<\/div>\n\t\t<\/section>\n\t\t\t\t<section class=\"elementor-section elementor-top-section elementor-element elementor-element-b3628c1 elementor-section-boxed elementor-section-height-default elementor-section-height-default\" data-id=\"b3628c1\" data-element_type=\"section\" data-settings=\"{&quot;background_background&quot;:&quot;classic&quot;}\">\n\t\t\t\t\t\t<div class=\"elementor-container elementor-column-gap-default\">\n\t\t\t\t\t<div class=\"elementor-column elementor-col-100 elementor-top-column elementor-element elementor-element-f54e1e0\" data-id=\"f54e1e0\" data-element_type=\"column\">\n\t\t\t<div class=\"elementor-widget-wrap elementor-element-populated\">\n\t\t\t\t\t\t<div class=\"elementor-element elementor-element-b19eda3 elementor-widget elementor-widget-text-editor\" data-id=\"b19eda3\" data-element_type=\"widget\" data-widget_type=\"text-editor.default\">\n\t\t\t\t<div class=\"elementor-widget-container\">\n\t\t\t\t\t\t\t\t\t\u00a9 Martinelli Marketing. Todos os direitos reservados.\t\t\t\t\t\t\t\t<\/div>\n\t\t\t\t<\/div>\n\t\t\t\t<div class=\"elementor-element elementor-element-c71f2a2 elementor-widget elementor-widget-text-editor\" data-id=\"c71f2a2\" data-element_type=\"widget\" data-widget_type=\"text-editor.default\">\n\t\t\t\t<div class=\"elementor-widget-container\">\n\t\t\t\t\t\t\t\t\t<p style=\"text-align: center;\"><span style=\"text-decoration: underline;\"><a href=\"https:\/\/lp.martinellimarketing.com.br\/politica-de-privacidade\/\" target=\"_blank\" rel=\"noopener\">Pol\u00edtica de Privacidade<\/a><\/span><a href=\"https:\/\/lp.martinellimarketing.com.br\/politica-de-privacidade\/\"> \u00a0 \u00a0 \u00a0 \u00a0 \u00a0 \u00a0 \u00a0 \u00a0 \u00a0 \u00a0 \u00a0 \u00a0 <\/a><span style=\"text-decoration: underline;\"><a href=\"https:\/\/lp.martinellimarketing.com.br\/politica-de-cookies\/\" target=\"_blank\" rel=\"noopener\">Pol\u00edtica de Cookies<\/a><\/span><\/p>\t\t\t\t\t\t\t\t<\/div>\n\t\t\t\t<\/div>\n\t\t\t\t<div class=\"elementor-element elementor-element-20bdc90 elementor-widget elementor-widget-html\" data-id=\"20bdc90\" data-element_type=\"widget\" data-widget_type=\"html.default\">\n\t\t\t\t<div class=\"elementor-widget-container\">\n\t\t\t\t\t<script>\n(function() {\n     const utmParamQueryString = new URLSearchParams(window.location.search);\n     if (utmParamQueryString.toString()) {\n          var navLinks = document.querySelectorAll('a');\n          navLinks.forEach(function(item) {\n               if (item.href.indexOf('sun.eduzz.com') !== -1) {\n                    if (item.href.indexOf('?') === -1) {\n                         item.href += '?' + utmParamQueryString.toString();\n                    } else {\n                         item.href += '&' + utmParamQueryString.toString();\n                    }\n               }\n          });\n     }\n})();\n<\/script>\t\t\t\t<\/div>\n\t\t\t\t<\/div>\n\t\t\t\t\t<\/div>\n\t\t<\/div>\n\t\t\t\t\t<\/div>\n\t\t<\/section>\n\t\t\t\t<\/div>\n\t\t","protected":false},"excerpt":{"rendered":"<p>Assista o replay e domine as a\u00e7\u00f5es certas para atrair clientes e vender seus servi\u00e7os usando o Instagram QUERO ATRAIR CLIENTES \u00a9 Martinelli Marketing. Todos os direitos reservados. Pol\u00edtica de Privacidade \u00a0 \u00a0 \u00a0 \u00a0 \u00a0 \u00a0 \u00a0 \u00a0 \u00a0 \u00a0 \u00a0 \u00a0 Pol\u00edtica de Cookies<\/p>\n","protected":false},"author":4,"featured_media":0,"parent":0,"menu_order":0,"comment_status":"closed","ping_status":"closed","template":"elementor_canvas","meta":{"footnotes":""},"class_list":["post-34147","page","type-page","status-publish","hentry"],"yoast_head":"<!-- This site is optimized with the Yoast SEO plugin v25.7 - https:\/\/yoast.com\/wordpress\/plugins\/seo\/ -->\n<title>Acelera Digital - Imers\u00e3o Gratuita - Elizangela Martinelli<\/title>\n<meta name=\"description\" content=\"Assista o replay e domine o passo a passo para transformar seu Instagram em uma m\u00e1quina de atra\u00e7\u00e3o de clientes.\" \/>\n<meta name=\"robots\" content=\"index, follow, max-snippet:-1, max-image-preview:large, max-video-preview:-1\" \/>\n<link rel=\"canonical\" href=\"https:\/\/lp.martinellimarketing.com.br\/?page_id=34147\" \/>\n<meta property=\"og:locale\" content=\"pt_BR\" \/>\n<meta property=\"og:type\" content=\"article\" \/>\n<meta property=\"og:title\" content=\"Acelera Digital - Imers\u00e3o Gratuita - Elizangela Martinelli\" \/>\n<meta property=\"og:description\" content=\"Assista o replay e domine o passo a passo para transformar seu Instagram em uma m\u00e1quina de atra\u00e7\u00e3o de clientes.\" \/>\n<meta property=\"og:url\" content=\"https:\/\/lp.martinellimarketing.com.br\/?page_id=34147\" \/>\n<meta property=\"og:site_name\" content=\"Elizangela Martinelli\" \/>\n<meta property=\"article:modified_time\" content=\"2023-08-23T12:46:59+00:00\" \/>\n<meta property=\"og:image\" content=\"https:\/\/controle.lp.martinellimarketing.com.br\/wp-content\/uploads\/2023\/08\/logo-acelera-digital-1-2-1024x316.png\" \/>\n<meta name=\"twitter:card\" content=\"summary_large_image\" \/>\n<meta name=\"twitter:label1\" content=\"Est. tempo de leitura\" \/>\n\t<meta name=\"twitter:data1\" content=\"1 minuto\" \/>\n<script type=\"application\/ld+json\" class=\"yoast-schema-graph\">{\"@context\":\"https:\/\/schema.org\",\"@graph\":[{\"@type\":\"WebPage\",\"@id\":\"https:\/\/lp.martinellimarketing.com.br\/?page_id=34147\",\"url\":\"https:\/\/lp.martinellimarketing.com.br\/?page_id=34147\",\"name\":\"Acelera Digital - Imers\u00e3o Gratuita - Elizangela Martinelli\",\"isPartOf\":{\"@id\":\"https:\/\/lp.martinellimarketing.com.br\/#website\"},\"primaryImageOfPage\":{\"@id\":\"https:\/\/lp.martinellimarketing.com.br\/?page_id=34147#primaryimage\"},\"image\":{\"@id\":\"https:\/\/lp.martinellimarketing.com.br\/?page_id=34147#primaryimage\"},\"thumbnailUrl\":\"https:\/\/controle.lp.martinellimarketing.com.br\/wp-content\/uploads\/2023\/08\/logo-acelera-digital-1-2-1024x316.png\",\"datePublished\":\"2023-01-25T11:19:56+00:00\",\"dateModified\":\"2023-08-23T12:46:59+00:00\",\"description\":\"Assista o replay e domine o passo a passo para transformar seu Instagram em uma m\u00e1quina de atra\u00e7\u00e3o de clientes.\",\"breadcrumb\":{\"@id\":\"https:\/\/lp.martinellimarketing.com.br\/?page_id=34147#breadcrumb\"},\"inLanguage\":\"pt-BR\",\"potentialAction\":[{\"@type\":\"ReadAction\",\"target\":[\"https:\/\/lp.martinellimarketing.com.br\/?page_id=34147\"]}]},{\"@type\":\"ImageObject\",\"inLanguage\":\"pt-BR\",\"@id\":\"https:\/\/lp.martinellimarketing.com.br\/?page_id=34147#primaryimage\",\"url\":\"https:\/\/controle.lp.martinellimarketing.com.br\/wp-content\/uploads\/2023\/08\/logo-acelera-digital-1-2-1024x316.png\",\"contentUrl\":\"https:\/\/controle.lp.martinellimarketing.com.br\/wp-content\/uploads\/2023\/08\/logo-acelera-digital-1-2-1024x316.png\"},{\"@type\":\"BreadcrumbList\",\"@id\":\"https:\/\/lp.martinellimarketing.com.br\/?page_id=34147#breadcrumb\",\"itemListElement\":[{\"@type\":\"ListItem\",\"position\":1,\"name\":\"In\u00edcio\",\"item\":\"https:\/\/lp.martinellimarketing.com.br\/\"},{\"@type\":\"ListItem\",\"position\":2,\"name\":\"[REPLAY] Imers\u00e3o Gratuita Acelera Digital &#8211; Janeiro 2023\"}]},{\"@type\":\"WebSite\",\"@id\":\"https:\/\/lp.martinellimarketing.com.br\/#website\",\"url\":\"https:\/\/lp.martinellimarketing.com.br\/\",\"name\":\"Elizangela Martinelli\",\"description\":\"Aumente as Vendas do Seu Neg\u00f3cio\",\"publisher\":{\"@id\":\"https:\/\/lp.martinellimarketing.com.br\/#organization\"},\"potentialAction\":[{\"@type\":\"SearchAction\",\"target\":{\"@type\":\"EntryPoint\",\"urlTemplate\":\"https:\/\/lp.martinellimarketing.com.br\/?s={search_term_string}\"},\"query-input\":{\"@type\":\"PropertyValueSpecification\",\"valueRequired\":true,\"valueName\":\"search_term_string\"}}],\"inLanguage\":\"pt-BR\"},{\"@type\":\"Organization\",\"@id\":\"https:\/\/lp.martinellimarketing.com.br\/#organization\",\"name\":\"Elizangela Martinelli\",\"url\":\"https:\/\/lp.martinellimarketing.com.br\/\",\"logo\":{\"@type\":\"ImageObject\",\"inLanguage\":\"pt-BR\",\"@id\":\"https:\/\/lp.martinellimarketing.com.br\/#\/schema\/logo\/image\/\",\"url\":\"https:\/\/lp.martinellimarketing.com.br\/wp-content\/uploads\/2023\/06\/cropped-cropped-cropped-martinelli-png-300x86-1.png\",\"contentUrl\":\"https:\/\/lp.martinellimarketing.com.br\/wp-content\/uploads\/2023\/06\/cropped-cropped-cropped-martinelli-png-300x86-1.png\",\"width\":300,\"height\":86,\"caption\":\"Elizangela Martinelli\"},\"image\":{\"@id\":\"https:\/\/lp.martinellimarketing.com.br\/#\/schema\/logo\/image\/\"}}]}<\/script>\n<!-- \/ Yoast SEO plugin. -->","yoast_head_json":{"title":"Acelera Digital - Imers\u00e3o Gratuita - Elizangela Martinelli","description":"Assista o replay e domine o passo a passo para transformar seu Instagram em uma m\u00e1quina de atra\u00e7\u00e3o de clientes.","robots":{"index":"index","follow":"follow","max-snippet":"max-snippet:-1","max-image-preview":"max-image-preview:large","max-video-preview":"max-video-preview:-1"},"canonical":"https:\/\/lp.martinellimarketing.com.br\/?page_id=34147","og_locale":"pt_BR","og_type":"article","og_title":"Acelera Digital - Imers\u00e3o Gratuita - Elizangela Martinelli","og_description":"Assista o replay e domine o passo a passo para transformar seu Instagram em uma m\u00e1quina de atra\u00e7\u00e3o de clientes.","og_url":"https:\/\/lp.martinellimarketing.com.br\/?page_id=34147","og_site_name":"Elizangela Martinelli","article_modified_time":"2023-08-23T12:46:59+00:00","og_image":[{"url":"https:\/\/controle.lp.martinellimarketing.com.br\/wp-content\/uploads\/2023\/08\/logo-acelera-digital-1-2-1024x316.png","type":"","width":"","height":""}],"twitter_card":"summary_large_image","twitter_misc":{"Est. tempo de leitura":"1 minuto"},"schema":{"@context":"https:\/\/schema.org","@graph":[{"@type":"WebPage","@id":"https:\/\/lp.martinellimarketing.com.br\/?page_id=34147","url":"https:\/\/lp.martinellimarketing.com.br\/?page_id=34147","name":"Acelera Digital - Imers\u00e3o Gratuita - Elizangela Martinelli","isPartOf":{"@id":"https:\/\/lp.martinellimarketing.com.br\/#website"},"primaryImageOfPage":{"@id":"https:\/\/lp.martinellimarketing.com.br\/?page_id=34147#primaryimage"},"image":{"@id":"https:\/\/lp.martinellimarketing.com.br\/?page_id=34147#primaryimage"},"thumbnailUrl":"https:\/\/controle.lp.martinellimarketing.com.br\/wp-content\/uploads\/2023\/08\/logo-acelera-digital-1-2-1024x316.png","datePublished":"2023-01-25T11:19:56+00:00","dateModified":"2023-08-23T12:46:59+00:00","description":"Assista o replay e domine o passo a passo para transformar seu Instagram em uma m\u00e1quina de atra\u00e7\u00e3o de clientes.","breadcrumb":{"@id":"https:\/\/lp.martinellimarketing.com.br\/?page_id=34147#breadcrumb"},"inLanguage":"pt-BR","potentialAction":[{"@type":"ReadAction","target":["https:\/\/lp.martinellimarketing.com.br\/?page_id=34147"]}]},{"@type":"ImageObject","inLanguage":"pt-BR","@id":"https:\/\/lp.martinellimarketing.com.br\/?page_id=34147#primaryimage","url":"https:\/\/controle.lp.martinellimarketing.com.br\/wp-content\/uploads\/2023\/08\/logo-acelera-digital-1-2-1024x316.png","contentUrl":"https:\/\/controle.lp.martinellimarketing.com.br\/wp-content\/uploads\/2023\/08\/logo-acelera-digital-1-2-1024x316.png"},{"@type":"BreadcrumbList","@id":"https:\/\/lp.martinellimarketing.com.br\/?page_id=34147#breadcrumb","itemListElement":[{"@type":"ListItem","position":1,"name":"In\u00edcio","item":"https:\/\/lp.martinellimarketing.com.br\/"},{"@type":"ListItem","position":2,"name":"[REPLAY] Imers\u00e3o Gratuita Acelera Digital &#8211; Janeiro 2023"}]},{"@type":"WebSite","@id":"https:\/\/lp.martinellimarketing.com.br\/#website","url":"https:\/\/lp.martinellimarketing.com.br\/","name":"Elizangela Martinelli","description":"Aumente as Vendas do Seu Neg\u00f3cio","publisher":{"@id":"https:\/\/lp.martinellimarketing.com.br\/#organization"},"potentialAction":[{"@type":"SearchAction","target":{"@type":"EntryPoint","urlTemplate":"https:\/\/lp.martinellimarketing.com.br\/?s={search_term_string}"},"query-input":{"@type":"PropertyValueSpecification","valueRequired":true,"valueName":"search_term_string"}}],"inLanguage":"pt-BR"},{"@type":"Organization","@id":"https:\/\/lp.martinellimarketing.com.br\/#organization","name":"Elizangela Martinelli","url":"https:\/\/lp.martinellimarketing.com.br\/","logo":{"@type":"ImageObject","inLanguage":"pt-BR","@id":"https:\/\/lp.martinellimarketing.com.br\/#\/schema\/logo\/image\/","url":"https:\/\/lp.martinellimarketing.com.br\/wp-content\/uploads\/2023\/06\/cropped-cropped-cropped-martinelli-png-300x86-1.png","contentUrl":"https:\/\/lp.martinellimarketing.com.br\/wp-content\/uploads\/2023\/06\/cropped-cropped-cropped-martinelli-png-300x86-1.png","width":300,"height":86,"caption":"Elizangela Martinelli"},"image":{"@id":"https:\/\/lp.martinellimarketing.com.br\/#\/schema\/logo\/image\/"}}]}},"_links":{"self":[{"href":"https:\/\/lp.martinellimarketing.com.br\/index.php?rest_route=\/wp\/v2\/pages\/34147","targetHints":{"allow":["GET"]}}],"collection":[{"href":"https:\/\/lp.martinellimarketing.com.br\/index.php?rest_route=\/wp\/v2\/pages"}],"about":[{"href":"https:\/\/lp.martinellimarketing.com.br\/index.php?rest_route=\/wp\/v2\/types\/page"}],"author":[{"embeddable":true,"href":"https:\/\/lp.martinellimarketing.com.br\/index.php?rest_route=\/wp\/v2\/users\/4"}],"replies":[{"embeddable":true,"href":"https:\/\/lp.martinellimarketing.com.br\/index.php?rest_route=%2Fwp%2Fv2%2Fcomments&post=34147"}],"version-history":[{"count":36,"href":"https:\/\/lp.martinellimarketing.com.br\/index.php?rest_route=\/wp\/v2\/pages\/34147\/revisions"}],"predecessor-version":[{"id":34543,"href":"https:\/\/lp.martinellimarketing.com.br\/index.php?rest_route=\/wp\/v2\/pages\/34147\/revisions\/34543"}],"wp:attachment":[{"href":"https:\/\/lp.martinellimarketing.com.br\/index.php?rest_route=%2Fwp%2Fv2%2Fmedia&parent=34147"}],"curies":[{"name":"wp","href":"https:\/\/api.w.org\/{rel}","templated":true}]}}