{"id":908,"date":"2021-02-26T13:15:40","date_gmt":"2021-02-26T13:15:40","guid":{"rendered":"http:\/\/lp.martinellimarketing.com.br\/?page_id=908"},"modified":"2021-08-19T14:10:09","modified_gmt":"2021-08-19T14:10:09","slug":"aulas-ao-vivo-obrigado","status":"publish","type":"page","link":"https:\/\/lp.martinellimarketing.com.br\/?page_id=908","title":{"rendered":"[OBRIGADO] AULA AO VIVO OBRIGADO"},"content":{"rendered":"\t\t<div data-elementor-type=\"wp-page\" data-elementor-id=\"908\" class=\"elementor elementor-908\" data-elementor-post-type=\"page\">\n\t\t\t\t\t\t<section class=\"elementor-section elementor-top-section elementor-element elementor-element-36eabda elementor-section-boxed elementor-section-height-default elementor-section-height-default\" data-id=\"36eabda\" data-element_type=\"section\" data-settings=\"{&quot;background_background&quot;:&quot;classic&quot;}\">\n\t\t\t\t\t\t<div class=\"elementor-container elementor-column-gap-default\">\n\t\t\t\t\t<div class=\"elementor-column elementor-col-100 elementor-top-column elementor-element elementor-element-03ed774\" data-id=\"03ed774\" data-element_type=\"column\">\n\t\t\t<div class=\"elementor-widget-wrap elementor-element-populated\">\n\t\t\t\t\t\t<div class=\"elementor-element elementor-element-e4ca56b elementor-widget elementor-widget-spacer\" data-id=\"e4ca56b\" data-element_type=\"widget\" data-widget_type=\"spacer.default\">\n\t\t\t\t<div class=\"elementor-widget-container\">\n\t\t\t\t\t\t\t<div class=\"elementor-spacer\">\n\t\t\t<div class=\"elementor-spacer-inner\"><\/div>\n\t\t<\/div>\n\t\t\t\t\t\t<\/div>\n\t\t\t\t<\/div>\n\t\t\t\t<div class=\"elementor-element elementor-element-74179bc elementor-widget elementor-widget-heading\" data-id=\"74179bc\" data-element_type=\"widget\" data-widget_type=\"heading.default\">\n\t\t\t\t<div class=\"elementor-widget-container\">\n\t\t\t\t\t<h2 class=\"elementor-heading-title elementor-size-default\">SUA INSCRI\u00c7\u00c3O FOI REALIZADA COM SUCESSO!<\/h2>\t\t\t\t<\/div>\n\t\t\t\t<\/div>\n\t\t\t\t<div class=\"elementor-element elementor-element-d79e58f elementor-widget elementor-widget-text-editor\" data-id=\"d79e58f\" data-element_type=\"widget\" data-widget_type=\"text-editor.default\">\n\t\t\t\t<div class=\"elementor-widget-container\">\n\t\t\t\t\t\t\t\t\tPara garantir que voc\u00ea vai receber todas as informa\u00e7\u00f5es e links das aulas ao vivo, clique na imagem abaixo e entre agora no grupo VIP do whatsapp. Ele \u00e9 silencioso para n\u00e3o atrapalhar a sua rotina.\t\t\t\t\t\t\t\t<\/div>\n\t\t\t\t<\/div>\n\t\t\t\t<div class=\"elementor-element elementor-element-b0630b6 elementor-align-center elementor-widget elementor-widget-button\" data-id=\"b0630b6\" data-element_type=\"widget\" data-widget_type=\"button.default\">\n\t\t\t\t<div class=\"elementor-widget-container\">\n\t\t\t\t\t\t\t\t\t<div class=\"elementor-button-wrapper\">\n\t\t\t\t\t<a class=\"elementor-button elementor-button-link elementor-size-sm\" href=\"https:\/\/chat.whatsapp.com\/BXwPJJDYmMj7Lc3xGx8G1g\">\n\t\t\t\t\t\t<span class=\"elementor-button-content-wrapper\">\n\t\t\t\t\t\t<span class=\"elementor-button-icon\">\n\t\t\t\t<i aria-hidden=\"true\" class=\"fab fa-whatsapp\"><\/i>\t\t\t<\/span>\n\t\t\t\t\t\t\t\t\t<span class=\"elementor-button-text\">QUERO ENTRAR NO GRUPO VIP<\/span>\n\t\t\t\t\t<\/span>\n\t\t\t\t\t<\/a>\n\t\t\t\t<\/div>\n\t\t\t\t\t\t\t\t<\/div>\n\t\t\t\t<\/div>\n\t\t\t\t\t<\/div>\n\t\t<\/div>\n\t\t\t\t\t<\/div>\n\t\t<\/section>\n\t\t\t\t<section class=\"elementor-section elementor-top-section elementor-element elementor-element-cfe43fe elementor-section-boxed elementor-section-height-default elementor-section-height-default\" data-id=\"cfe43fe\" data-element_type=\"section\" data-settings=\"{&quot;background_background&quot;:&quot;classic&quot;}\">\n\t\t\t\t\t\t<div class=\"elementor-container elementor-column-gap-default\">\n\t\t\t\t\t<div class=\"elementor-column elementor-col-100 elementor-top-column elementor-element elementor-element-61a2b41\" data-id=\"61a2b41\" data-element_type=\"column\">\n\t\t\t<div class=\"elementor-widget-wrap elementor-element-populated\">\n\t\t\t\t\t\t<div class=\"elementor-element elementor-element-5f79897 elementor-widget elementor-widget-text-editor\" data-id=\"5f79897\" data-element_type=\"widget\" data-widget_type=\"text-editor.default\">\n\t\t\t\t<div class=\"elementor-widget-container\">\n\t\t\t\t\t\t\t\t\t<p>Nos vemos na pr\u00f3xima segunda \u00e0s 17h.<\/p><p>Um abra\u00e7o!<\/p>\t\t\t\t\t\t\t\t<\/div>\n\t\t\t\t<\/div>\n\t\t\t\t\t<\/div>\n\t\t<\/div>\n\t\t\t\t\t<\/div>\n\t\t<\/section>\n\t\t\t\t<section class=\"elementor-section elementor-top-section elementor-element elementor-element-cab17f4 elementor-section-boxed elementor-section-height-default elementor-section-height-default\" data-id=\"cab17f4\" data-element_type=\"section\" data-settings=\"{&quot;background_background&quot;:&quot;classic&quot;}\">\n\t\t\t\t\t\t<div class=\"elementor-container elementor-column-gap-default\">\n\t\t\t\t\t<div class=\"elementor-column elementor-col-25 elementor-top-column elementor-element elementor-element-e5a640e\" data-id=\"e5a640e\" data-element_type=\"column\">\n\t\t\t<div class=\"elementor-widget-wrap\">\n\t\t\t\t\t\t\t<\/div>\n\t\t<\/div>\n\t\t\t\t<div class=\"elementor-column elementor-col-25 elementor-top-column elementor-element elementor-element-39d3ae2\" data-id=\"39d3ae2\" data-element_type=\"column\">\n\t\t\t<div class=\"elementor-widget-wrap elementor-element-populated\">\n\t\t\t\t\t\t<div class=\"elementor-element elementor-element-9e2bbe6 elementor-widget elementor-widget-image\" data-id=\"9e2bbe6\" data-element_type=\"widget\" data-widget_type=\"image.default\">\n\t\t\t\t<div class=\"elementor-widget-container\">\n\t\t\t\t\t\t\t\t\t\t\t\t\t\t\t<img decoding=\"async\" width=\"300\" height=\"95\" src=\"https:\/\/lp.martinellimarketing.com.br\/wp-content\/uploads\/2021\/02\/ASSINATURA-ELIZ-300x95.png\" class=\"attachment-medium size-medium wp-image-920\" alt=\"\" srcset=\"https:\/\/lp.martinellimarketing.com.br\/wp-content\/uploads\/2021\/02\/ASSINATURA-ELIZ-300x95.png 300w, https:\/\/lp.martinellimarketing.com.br\/wp-content\/uploads\/2021\/02\/ASSINATURA-ELIZ-768x243.png 768w, https:\/\/lp.martinellimarketing.com.br\/wp-content\/uploads\/2021\/02\/ASSINATURA-ELIZ.png 789w\" sizes=\"(max-width: 300px) 100vw, 300px\" \/>\t\t\t\t\t\t\t\t\t\t\t\t\t\t\t<\/div>\n\t\t\t\t<\/div>\n\t\t\t\t<div class=\"elementor-element elementor-element-a962c75 elementor-widget elementor-widget-spacer\" data-id=\"a962c75\" data-element_type=\"widget\" data-widget_type=\"spacer.default\">\n\t\t\t\t<div class=\"elementor-widget-container\">\n\t\t\t\t\t\t\t<div class=\"elementor-spacer\">\n\t\t\t<div class=\"elementor-spacer-inner\"><\/div>\n\t\t<\/div>\n\t\t\t\t\t\t<\/div>\n\t\t\t\t<\/div>\n\t\t\t\t\t<\/div>\n\t\t<\/div>\n\t\t\t\t<div class=\"elementor-column elementor-col-25 elementor-top-column elementor-element elementor-element-b17478d\" data-id=\"b17478d\" data-element_type=\"column\">\n\t\t\t<div class=\"elementor-widget-wrap elementor-element-populated\">\n\t\t\t\t\t\t<div class=\"elementor-element elementor-element-0e4f381 e-grid-align-mobile-center elementor-shape-rounded elementor-grid-0 e-grid-align-center elementor-widget elementor-widget-social-icons\" data-id=\"0e4f381\" data-element_type=\"widget\" data-widget_type=\"social-icons.default\">\n\t\t\t\t<div class=\"elementor-widget-container\">\n\t\t\t\t\t\t\t<div class=\"elementor-social-icons-wrapper elementor-grid\" role=\"list\">\n\t\t\t\t\t\t\t<span class=\"elementor-grid-item\" role=\"listitem\">\n\t\t\t\t\t<a class=\"elementor-icon elementor-social-icon elementor-social-icon-instagram elementor-repeater-item-a8c61a9\" target=\"_blank\">\n\t\t\t\t\t\t<span class=\"elementor-screen-only\">Instagram<\/span>\n\t\t\t\t\t\t<i class=\"fab fa-instagram\"><\/i>\t\t\t\t\t<\/a>\n\t\t\t\t<\/span>\n\t\t\t\t\t\t\t<span class=\"elementor-grid-item\" role=\"listitem\">\n\t\t\t\t\t<a class=\"elementor-icon elementor-social-icon elementor-social-icon-youtube elementor-repeater-item-8b8fa9c\" target=\"_blank\">\n\t\t\t\t\t\t<span class=\"elementor-screen-only\">Youtube<\/span>\n\t\t\t\t\t\t<i class=\"fab fa-youtube\"><\/i>\t\t\t\t\t<\/a>\n\t\t\t\t<\/span>\n\t\t\t\t\t<\/div>\n\t\t\t\t\t\t<\/div>\n\t\t\t\t<\/div>\n\t\t\t\t<div class=\"elementor-element elementor-element-2450679 elementor-widget elementor-widget-spacer\" data-id=\"2450679\" data-element_type=\"widget\" data-widget_type=\"spacer.default\">\n\t\t\t\t<div class=\"elementor-widget-container\">\n\t\t\t\t\t\t\t<div class=\"elementor-spacer\">\n\t\t\t<div class=\"elementor-spacer-inner\"><\/div>\n\t\t<\/div>\n\t\t\t\t\t\t<\/div>\n\t\t\t\t<\/div>\n\t\t\t\t\t<\/div>\n\t\t<\/div>\n\t\t\t\t<div class=\"elementor-column elementor-col-25 elementor-top-column elementor-element elementor-element-4c4cc18\" data-id=\"4c4cc18\" data-element_type=\"column\">\n\t\t\t<div class=\"elementor-widget-wrap\">\n\t\t\t\t\t\t\t<\/div>\n\t\t<\/div>\n\t\t\t\t\t<\/div>\n\t\t<\/section>\n\t\t\t\t<\/div>\n\t\t","protected":false},"excerpt":{"rendered":"<p>SUA INSCRI\u00c7\u00c3O FOI REALIZADA COM SUCESSO! Para garantir que voc\u00ea vai receber todas as informa\u00e7\u00f5es e links das aulas ao vivo, clique na imagem abaixo e entre agora no grupo VIP do whatsapp. Ele \u00e9 silencioso para n\u00e3o atrapalhar a sua rotina. QUERO ENTRAR NO GRUPO VIP Nos vemos na pr\u00f3xima segunda \u00e0s 17h. Um [&hellip;]<\/p>\n","protected":false},"author":6,"featured_media":0,"parent":0,"menu_order":0,"comment_status":"closed","ping_status":"closed","template":"elementor_canvas","meta":{"footnotes":""},"class_list":["post-908","page","type-page","status-publish","hentry"],"yoast_head":"<!-- This site is optimized with the Yoast SEO plugin v25.7 - https:\/\/yoast.com\/wordpress\/plugins\/seo\/ -->\n<title>Aula Ao Vivo - Elizangela Martinelli<\/title>\n<meta name=\"description\" content=\"Aulas ao vivo para voc\u00ea dominar as estrat\u00e9gias de marketing digital para vender seus servi\u00e7os.\" \/>\n<meta name=\"robots\" content=\"index, follow, max-snippet:-1, max-image-preview:large, max-video-preview:-1\" \/>\n<link rel=\"canonical\" href=\"https:\/\/lp.martinellimarketing.com.br\/?page_id=908\" \/>\n<meta property=\"og:locale\" content=\"pt_BR\" \/>\n<meta property=\"og:type\" content=\"article\" \/>\n<meta property=\"og:title\" content=\"Aula Ao Vivo - Elizangela Martinelli\" \/>\n<meta property=\"og:description\" content=\"Aulas ao vivo para voc\u00ea dominar as estrat\u00e9gias de marketing digital para vender seus servi\u00e7os.\" \/>\n<meta property=\"og:url\" content=\"https:\/\/lp.martinellimarketing.com.br\/?page_id=908\" \/>\n<meta property=\"og:site_name\" content=\"Elizangela Martinelli\" \/>\n<meta property=\"article:modified_time\" content=\"2021-08-19T14:10:09+00:00\" \/>\n<meta property=\"og:image\" content=\"https:\/\/lp.martinellimarketing.com.br\/wp-content\/uploads\/2021\/02\/ASSINATURA-ELIZ-300x95.png\" \/>\n<meta name=\"twitter:card\" content=\"summary_large_image\" \/>\n<meta name=\"twitter:label1\" content=\"Est. tempo de leitura\" \/>\n\t<meta name=\"twitter:data1\" content=\"1 minuto\" \/>\n<script type=\"application\/ld+json\" class=\"yoast-schema-graph\">{\"@context\":\"https:\/\/schema.org\",\"@graph\":[{\"@type\":\"WebPage\",\"@id\":\"https:\/\/lp.martinellimarketing.com.br\/?page_id=908\",\"url\":\"https:\/\/lp.martinellimarketing.com.br\/?page_id=908\",\"name\":\"Aula Ao Vivo - Elizangela Martinelli\",\"isPartOf\":{\"@id\":\"https:\/\/lp.martinellimarketing.com.br\/#website\"},\"primaryImageOfPage\":{\"@id\":\"https:\/\/lp.martinellimarketing.com.br\/?page_id=908#primaryimage\"},\"image\":{\"@id\":\"https:\/\/lp.martinellimarketing.com.br\/?page_id=908#primaryimage\"},\"thumbnailUrl\":\"https:\/\/lp.martinellimarketing.com.br\/wp-content\/uploads\/2021\/02\/ASSINATURA-ELIZ-300x95.png\",\"datePublished\":\"2021-02-26T13:15:40+00:00\",\"dateModified\":\"2021-08-19T14:10:09+00:00\",\"description\":\"Aulas ao vivo para voc\u00ea dominar as estrat\u00e9gias de marketing digital para vender seus servi\u00e7os.\",\"breadcrumb\":{\"@id\":\"https:\/\/lp.martinellimarketing.com.br\/?page_id=908#breadcrumb\"},\"inLanguage\":\"pt-BR\",\"potentialAction\":[{\"@type\":\"ReadAction\",\"target\":[\"https:\/\/lp.martinellimarketing.com.br\/?page_id=908\"]}]},{\"@type\":\"ImageObject\",\"inLanguage\":\"pt-BR\",\"@id\":\"https:\/\/lp.martinellimarketing.com.br\/?page_id=908#primaryimage\",\"url\":\"https:\/\/lp.martinellimarketing.com.br\/wp-content\/uploads\/2021\/02\/ASSINATURA-ELIZ.png\",\"contentUrl\":\"https:\/\/lp.martinellimarketing.com.br\/wp-content\/uploads\/2021\/02\/ASSINATURA-ELIZ.png\",\"width\":789,\"height\":250},{\"@type\":\"BreadcrumbList\",\"@id\":\"https:\/\/lp.martinellimarketing.com.br\/?page_id=908#breadcrumb\",\"itemListElement\":[{\"@type\":\"ListItem\",\"position\":1,\"name\":\"In\u00edcio\",\"item\":\"https:\/\/lp.martinellimarketing.com.br\/\"},{\"@type\":\"ListItem\",\"position\":2,\"name\":\"[OBRIGADO] AULA AO VIVO OBRIGADO\"}]},{\"@type\":\"WebSite\",\"@id\":\"https:\/\/lp.martinellimarketing.com.br\/#website\",\"url\":\"https:\/\/lp.martinellimarketing.com.br\/\",\"name\":\"Elizangela Martinelli\",\"description\":\"Aumente as Vendas do Seu Neg\u00f3cio\",\"publisher\":{\"@id\":\"https:\/\/lp.martinellimarketing.com.br\/#organization\"},\"potentialAction\":[{\"@type\":\"SearchAction\",\"target\":{\"@type\":\"EntryPoint\",\"urlTemplate\":\"https:\/\/lp.martinellimarketing.com.br\/?s={search_term_string}\"},\"query-input\":{\"@type\":\"PropertyValueSpecification\",\"valueRequired\":true,\"valueName\":\"search_term_string\"}}],\"inLanguage\":\"pt-BR\"},{\"@type\":\"Organization\",\"@id\":\"https:\/\/lp.martinellimarketing.com.br\/#organization\",\"name\":\"Elizangela Martinelli\",\"url\":\"https:\/\/lp.martinellimarketing.com.br\/\",\"logo\":{\"@type\":\"ImageObject\",\"inLanguage\":\"pt-BR\",\"@id\":\"https:\/\/lp.martinellimarketing.com.br\/#\/schema\/logo\/image\/\",\"url\":\"https:\/\/lp.martinellimarketing.com.br\/wp-content\/uploads\/2023\/06\/cropped-cropped-cropped-martinelli-png-300x86-1.png\",\"contentUrl\":\"https:\/\/lp.martinellimarketing.com.br\/wp-content\/uploads\/2023\/06\/cropped-cropped-cropped-martinelli-png-300x86-1.png\",\"width\":300,\"height\":86,\"caption\":\"Elizangela Martinelli\"},\"image\":{\"@id\":\"https:\/\/lp.martinellimarketing.com.br\/#\/schema\/logo\/image\/\"}}]}<\/script>\n<!-- \/ Yoast SEO plugin. -->","yoast_head_json":{"title":"Aula Ao Vivo - Elizangela Martinelli","description":"Aulas ao vivo para voc\u00ea dominar as estrat\u00e9gias de marketing digital para vender seus servi\u00e7os.","robots":{"index":"index","follow":"follow","max-snippet":"max-snippet:-1","max-image-preview":"max-image-preview:large","max-video-preview":"max-video-preview:-1"},"canonical":"https:\/\/lp.martinellimarketing.com.br\/?page_id=908","og_locale":"pt_BR","og_type":"article","og_title":"Aula Ao Vivo - Elizangela Martinelli","og_description":"Aulas ao vivo para voc\u00ea dominar as estrat\u00e9gias de marketing digital para vender seus servi\u00e7os.","og_url":"https:\/\/lp.martinellimarketing.com.br\/?page_id=908","og_site_name":"Elizangela Martinelli","article_modified_time":"2021-08-19T14:10:09+00:00","og_image":[{"url":"https:\/\/lp.martinellimarketing.com.br\/wp-content\/uploads\/2021\/02\/ASSINATURA-ELIZ-300x95.png","type":"","width":"","height":""}],"twitter_card":"summary_large_image","twitter_misc":{"Est. tempo de leitura":"1 minuto"},"schema":{"@context":"https:\/\/schema.org","@graph":[{"@type":"WebPage","@id":"https:\/\/lp.martinellimarketing.com.br\/?page_id=908","url":"https:\/\/lp.martinellimarketing.com.br\/?page_id=908","name":"Aula Ao Vivo - Elizangela Martinelli","isPartOf":{"@id":"https:\/\/lp.martinellimarketing.com.br\/#website"},"primaryImageOfPage":{"@id":"https:\/\/lp.martinellimarketing.com.br\/?page_id=908#primaryimage"},"image":{"@id":"https:\/\/lp.martinellimarketing.com.br\/?page_id=908#primaryimage"},"thumbnailUrl":"https:\/\/lp.martinellimarketing.com.br\/wp-content\/uploads\/2021\/02\/ASSINATURA-ELIZ-300x95.png","datePublished":"2021-02-26T13:15:40+00:00","dateModified":"2021-08-19T14:10:09+00:00","description":"Aulas ao vivo para voc\u00ea dominar as estrat\u00e9gias de marketing digital para vender seus servi\u00e7os.","breadcrumb":{"@id":"https:\/\/lp.martinellimarketing.com.br\/?page_id=908#breadcrumb"},"inLanguage":"pt-BR","potentialAction":[{"@type":"ReadAction","target":["https:\/\/lp.martinellimarketing.com.br\/?page_id=908"]}]},{"@type":"ImageObject","inLanguage":"pt-BR","@id":"https:\/\/lp.martinellimarketing.com.br\/?page_id=908#primaryimage","url":"https:\/\/lp.martinellimarketing.com.br\/wp-content\/uploads\/2021\/02\/ASSINATURA-ELIZ.png","contentUrl":"https:\/\/lp.martinellimarketing.com.br\/wp-content\/uploads\/2021\/02\/ASSINATURA-ELIZ.png","width":789,"height":250},{"@type":"BreadcrumbList","@id":"https:\/\/lp.martinellimarketing.com.br\/?page_id=908#breadcrumb","itemListElement":[{"@type":"ListItem","position":1,"name":"In\u00edcio","item":"https:\/\/lp.martinellimarketing.com.br\/"},{"@type":"ListItem","position":2,"name":"[OBRIGADO] AULA AO VIVO OBRIGADO"}]},{"@type":"WebSite","@id":"https:\/\/lp.martinellimarketing.com.br\/#website","url":"https:\/\/lp.martinellimarketing.com.br\/","name":"Elizangela Martinelli","description":"Aumente as Vendas do Seu Neg\u00f3cio","publisher":{"@id":"https:\/\/lp.martinellimarketing.com.br\/#organization"},"potentialAction":[{"@type":"SearchAction","target":{"@type":"EntryPoint","urlTemplate":"https:\/\/lp.martinellimarketing.com.br\/?s={search_term_string}"},"query-input":{"@type":"PropertyValueSpecification","valueRequired":true,"valueName":"search_term_string"}}],"inLanguage":"pt-BR"},{"@type":"Organization","@id":"https:\/\/lp.martinellimarketing.com.br\/#organization","name":"Elizangela Martinelli","url":"https:\/\/lp.martinellimarketing.com.br\/","logo":{"@type":"ImageObject","inLanguage":"pt-BR","@id":"https:\/\/lp.martinellimarketing.com.br\/#\/schema\/logo\/image\/","url":"https:\/\/lp.martinellimarketing.com.br\/wp-content\/uploads\/2023\/06\/cropped-cropped-cropped-martinelli-png-300x86-1.png","contentUrl":"https:\/\/lp.martinellimarketing.com.br\/wp-content\/uploads\/2023\/06\/cropped-cropped-cropped-martinelli-png-300x86-1.png","width":300,"height":86,"caption":"Elizangela Martinelli"},"image":{"@id":"https:\/\/lp.martinellimarketing.com.br\/#\/schema\/logo\/image\/"}}]}},"_links":{"self":[{"href":"https:\/\/lp.martinellimarketing.com.br\/index.php?rest_route=\/wp\/v2\/pages\/908","targetHints":{"allow":["GET"]}}],"collection":[{"href":"https:\/\/lp.martinellimarketing.com.br\/index.php?rest_route=\/wp\/v2\/pages"}],"about":[{"href":"https:\/\/lp.martinellimarketing.com.br\/index.php?rest_route=\/wp\/v2\/types\/page"}],"author":[{"embeddable":true,"href":"https:\/\/lp.martinellimarketing.com.br\/index.php?rest_route=\/wp\/v2\/users\/6"}],"replies":[{"embeddable":true,"href":"https:\/\/lp.martinellimarketing.com.br\/index.php?rest_route=%2Fwp%2Fv2%2Fcomments&post=908"}],"version-history":[{"count":48,"href":"https:\/\/lp.martinellimarketing.com.br\/index.php?rest_route=\/wp\/v2\/pages\/908\/revisions"}],"predecessor-version":[{"id":1738,"href":"https:\/\/lp.martinellimarketing.com.br\/index.php?rest_route=\/wp\/v2\/pages\/908\/revisions\/1738"}],"wp:attachment":[{"href":"https:\/\/lp.martinellimarketing.com.br\/index.php?rest_route=%2Fwp%2Fv2%2Fmedia&parent=908"}],"curies":[{"name":"wp","href":"https:\/\/api.w.org\/{rel}","templated":true}]}}